
{"id":8790,"date":"2022-08-03T12:00:22","date_gmt":"2022-08-03T10:00:22","guid":{"rendered":"https:\/\/mieldelatorre.com\/?post_type=product&#038;p=8790"},"modified":"2026-01-23T19:54:48","modified_gmt":"2026-01-23T18:54:48","slug":"botella-ronmiel-70cl-caja-de-6","status":"publish","type":"product","link":"https:\/\/mieldelatorre.com\/en\/product\/botella-ronmiel-70cl-caja-de-6\/","title":{"rendered":"HONEY RUM BOTTLE 70 CL (BOX OF 6)"},"content":{"rendered":"","protected":false},"excerpt":{"rendered":"<p>Box with 6 bottles of <span style=\"font-family: melk;\"><strong>HONEY RUM<\/strong> <\/span>of 70 cl.<\/p>\n<p>&nbsp;<\/p>\n<p>Liquor made with aged rum and our concentrated sugarcane juice traditionally known as <span style=\"font-family: melk;\"><strong>\u00abMIELDECA\u00d1A\u00bb<\/strong><\/span> from Frigiliana.<\/p>\n<p>&nbsp;<\/p>\n<p>300 years cutting canes, extracting its juice and cooking it with our ancestral recipe.<\/p>\n<p>&nbsp;<\/p>\n<p>&nbsp;<\/p>","protected":false},"featured_media":12294,"comment_status":"open","ping_status":"closed","template":"","meta":{"inline_featured_image":false,"_exactmetrics_skip_tracking":false,"_exactmetrics_sitenote_active":false,"_exactmetrics_sitenote_note":"","_exactmetrics_sitenote_category":0},"product_brand":[],"product_cat":[22],"product_tag":[],"class_list":{"0":"post-8790","1":"product","2":"type-product","3":"status-publish","4":"has-post-thumbnail","6":"product_cat-uncategorised","8":"first","9":"instock","10":"shipping-taxable","11":"purchasable","12":"product-type-simple"},"yoast_head":"<!-- This site is optimized with the Yoast SEO plugin v26.9 - https:\/\/yoast.com\/product\/yoast-seo-wordpress\/ -->\n<title>BOTELLA RONMIEL 70 CL (CAJA DE 6) - MIEL DE CA\u00d1A DE FRIGILIANA PRODUCTO NATURAL<\/title>\n<meta name=\"description\" content=\"Licor elaborado con ron a\u00f1ejo y nuestro jugo concentrado de ca\u00f1a de az\u00facar denominado tradicionalmente como &quot;MIELDECA\u00d1A&quot; de Frigiliana.\" \/>\n<meta name=\"robots\" content=\"index, follow, max-snippet:-1, max-image-preview:large, max-video-preview:-1\" \/>\n<link rel=\"canonical\" href=\"https:\/\/mieldelatorre.com\/en\/product\/botella-ronmiel-70cl-caja-de-6\/\" \/>\n<meta property=\"og:locale\" content=\"en_GB\" \/>\n<meta property=\"og:type\" content=\"article\" \/>\n<meta property=\"og:title\" content=\"BOTELLA RONMIEL 70 CL (CAJA DE 6) - MIEL DE CA\u00d1A DE FRIGILIANA PRODUCTO NATURAL\" \/>\n<meta property=\"og:description\" content=\"Licor elaborado con ron a\u00f1ejo y nuestro jugo concentrado de ca\u00f1a de az\u00facar denominado tradicionalmente como &quot;MIELDECA\u00d1A&quot; de Frigiliana.\" \/>\n<meta property=\"og:url\" content=\"https:\/\/mieldelatorre.com\/en\/product\/botella-ronmiel-70cl-caja-de-6\/\" \/>\n<meta property=\"og:site_name\" content=\"MIEL DE CA\u00d1A DE FRIGILIANA PRODUCTO NATURAL\" \/>\n<meta property=\"article:publisher\" content=\"https:\/\/www.facebook.com\/mieldelatorre\" \/>\n<meta property=\"article:modified_time\" content=\"2026-01-23T18:54:48+00:00\" \/>\n<meta property=\"og:image\" content=\"https:\/\/mieldelatorre.com\/wp-content\/uploads\/2026\/01\/CAJA-NUEVO-RONMIEL-70CL-WEB.webp\" \/>\n\t<meta property=\"og:image:width\" content=\"800\" \/>\n\t<meta property=\"og:image:height\" content=\"800\" \/>\n\t<meta property=\"og:image:type\" content=\"image\/webp\" \/>\n<meta name=\"twitter:card\" content=\"summary_large_image\" \/>\n<meta name=\"twitter:label1\" content=\"Estimated reading time\" \/>\n\t<meta name=\"twitter:data1\" content=\"1 minute\" \/>\n<script type=\"application\/ld+json\" class=\"yoast-schema-graph\">{\"@context\":\"https:\/\/schema.org\",\"@graph\":[{\"@type\":\"WebPage\",\"@id\":\"https:\/\/mieldelatorre.com\/producto\/botella-ronmiel-70cl-caja-de-6\/\",\"url\":\"https:\/\/mieldelatorre.com\/producto\/botella-ronmiel-70cl-caja-de-6\/\",\"name\":\"BOTELLA RONMIEL 70 CL (CAJA DE 6) - MIEL DE CA\u00d1A DE FRIGILIANA PRODUCTO NATURAL\",\"isPartOf\":{\"@id\":\"https:\/\/mieldelatorre.com\/#website\"},\"primaryImageOfPage\":{\"@id\":\"https:\/\/mieldelatorre.com\/producto\/botella-ronmiel-70cl-caja-de-6\/#primaryimage\"},\"image\":{\"@id\":\"https:\/\/mieldelatorre.com\/producto\/botella-ronmiel-70cl-caja-de-6\/#primaryimage\"},\"thumbnailUrl\":\"https:\/\/mieldelatorre.com\/wp-content\/uploads\/2026\/01\/CAJA-NUEVO-RONMIEL-70CL-WEB.webp\",\"datePublished\":\"2022-08-03T10:00:22+00:00\",\"dateModified\":\"2026-01-23T18:54:48+00:00\",\"description\":\"Licor elaborado con ron a\u00f1ejo y nuestro jugo concentrado de ca\u00f1a de az\u00facar denominado tradicionalmente como \\\"MIELDECA\u00d1A\\\" de Frigiliana.\",\"breadcrumb\":{\"@id\":\"https:\/\/mieldelatorre.com\/producto\/botella-ronmiel-70cl-caja-de-6\/#breadcrumb\"},\"inLanguage\":\"en-GB\",\"potentialAction\":[{\"@type\":\"ReadAction\",\"target\":[\"https:\/\/mieldelatorre.com\/producto\/botella-ronmiel-70cl-caja-de-6\/\"]}]},{\"@type\":\"ImageObject\",\"inLanguage\":\"en-GB\",\"@id\":\"https:\/\/mieldelatorre.com\/producto\/botella-ronmiel-70cl-caja-de-6\/#primaryimage\",\"url\":\"https:\/\/mieldelatorre.com\/wp-content\/uploads\/2026\/01\/CAJA-NUEVO-RONMIEL-70CL-WEB.webp\",\"contentUrl\":\"https:\/\/mieldelatorre.com\/wp-content\/uploads\/2026\/01\/CAJA-NUEVO-RONMIEL-70CL-WEB.webp\",\"width\":800,\"height\":800},{\"@type\":\"BreadcrumbList\",\"@id\":\"https:\/\/mieldelatorre.com\/producto\/botella-ronmiel-70cl-caja-de-6\/#breadcrumb\",\"itemListElement\":[{\"@type\":\"ListItem\",\"position\":1,\"name\":\"Portada\",\"item\":\"https:\/\/mieldelatorre.com\/\"},{\"@type\":\"ListItem\",\"position\":2,\"name\":\"Tienda\",\"item\":\"https:\/\/mieldelatorre.com\/tienda\/\"},{\"@type\":\"ListItem\",\"position\":3,\"name\":\"BOTELLA RONMIEL 70 CL (CAJA DE 6)\"}]},{\"@type\":\"WebSite\",\"@id\":\"https:\/\/mieldelatorre.com\/#website\",\"url\":\"https:\/\/mieldelatorre.com\/\",\"name\":\"miel de ca\u00f1a de la torre\",\"description\":\"El Ingenio Nuestra Se\u00f1ora del Carmen elabora desde 1725 la miel de ca\u00f1a Frigiliana, producto natural rico en vitaminas y minerales\",\"publisher\":{\"@id\":\"https:\/\/mieldelatorre.com\/#organization\"},\"potentialAction\":[{\"@type\":\"SearchAction\",\"target\":{\"@type\":\"EntryPoint\",\"urlTemplate\":\"https:\/\/mieldelatorre.com\/?s={search_term_string}\"},\"query-input\":{\"@type\":\"PropertyValueSpecification\",\"valueRequired\":true,\"valueName\":\"search_term_string\"}}],\"inLanguage\":\"en-GB\"},{\"@type\":\"Organization\",\"@id\":\"https:\/\/mieldelatorre.com\/#organization\",\"name\":\"De La Torre S.L. miel de ca\u00f1a\",\"url\":\"https:\/\/mieldelatorre.com\/\",\"logo\":{\"@type\":\"ImageObject\",\"inLanguage\":\"en-GB\",\"@id\":\"https:\/\/mieldelatorre.com\/#\/schema\/logo\/image\/\",\"url\":\"\",\"contentUrl\":\"\",\"caption\":\"De La Torre S.L. miel de ca\u00f1a\"},\"image\":{\"@id\":\"https:\/\/mieldelatorre.com\/#\/schema\/logo\/image\/\"},\"sameAs\":[\"https:\/\/www.facebook.com\/mieldelatorre\",\"https:\/\/www.instagram.com\/ingenio_nra_sra_del_carmen\/\",\"https:\/\/www.youtube.com\/channel\/UCBi3fBnBWX9RaxeqMhjQ_JQ\"]}]}<\/script>\n<!-- \/ Yoast SEO plugin. -->","yoast_head_json":{"title":"BOTELLA RONMIEL 70 CL (CAJA DE 6) - MIEL DE CA\u00d1A DE FRIGILIANA PRODUCTO NATURAL","description":"Licor elaborado con ron a\u00f1ejo y nuestro jugo concentrado de ca\u00f1a de az\u00facar denominado tradicionalmente como \"MIELDECA\u00d1A\" de Frigiliana.","robots":{"index":"index","follow":"follow","max-snippet":"max-snippet:-1","max-image-preview":"max-image-preview:large","max-video-preview":"max-video-preview:-1"},"canonical":"https:\/\/mieldelatorre.com\/en\/product\/botella-ronmiel-70cl-caja-de-6\/","og_locale":"en_GB","og_type":"article","og_title":"BOTELLA RONMIEL 70 CL (CAJA DE 6) - MIEL DE CA\u00d1A DE FRIGILIANA PRODUCTO NATURAL","og_description":"Licor elaborado con ron a\u00f1ejo y nuestro jugo concentrado de ca\u00f1a de az\u00facar denominado tradicionalmente como \"MIELDECA\u00d1A\" de Frigiliana.","og_url":"https:\/\/mieldelatorre.com\/en\/product\/botella-ronmiel-70cl-caja-de-6\/","og_site_name":"MIEL DE CA\u00d1A DE FRIGILIANA PRODUCTO NATURAL","article_publisher":"https:\/\/www.facebook.com\/mieldelatorre","article_modified_time":"2026-01-23T18:54:48+00:00","og_image":[{"width":800,"height":800,"url":"https:\/\/mieldelatorre.com\/wp-content\/uploads\/2026\/01\/CAJA-NUEVO-RONMIEL-70CL-WEB.webp","type":"image\/webp"}],"twitter_card":"summary_large_image","twitter_misc":{"Estimated reading time":"1 minute"},"schema":{"@context":"https:\/\/schema.org","@graph":[{"@type":"WebPage","@id":"https:\/\/mieldelatorre.com\/producto\/botella-ronmiel-70cl-caja-de-6\/","url":"https:\/\/mieldelatorre.com\/producto\/botella-ronmiel-70cl-caja-de-6\/","name":"BOTELLA RONMIEL 70 CL (CAJA DE 6) - MIEL DE CA\u00d1A DE FRIGILIANA PRODUCTO NATURAL","isPartOf":{"@id":"https:\/\/mieldelatorre.com\/#website"},"primaryImageOfPage":{"@id":"https:\/\/mieldelatorre.com\/producto\/botella-ronmiel-70cl-caja-de-6\/#primaryimage"},"image":{"@id":"https:\/\/mieldelatorre.com\/producto\/botella-ronmiel-70cl-caja-de-6\/#primaryimage"},"thumbnailUrl":"https:\/\/mieldelatorre.com\/wp-content\/uploads\/2026\/01\/CAJA-NUEVO-RONMIEL-70CL-WEB.webp","datePublished":"2022-08-03T10:00:22+00:00","dateModified":"2026-01-23T18:54:48+00:00","description":"Licor elaborado con ron a\u00f1ejo y nuestro jugo concentrado de ca\u00f1a de az\u00facar denominado tradicionalmente como \"MIELDECA\u00d1A\" de Frigiliana.","breadcrumb":{"@id":"https:\/\/mieldelatorre.com\/producto\/botella-ronmiel-70cl-caja-de-6\/#breadcrumb"},"inLanguage":"en-GB","potentialAction":[{"@type":"ReadAction","target":["https:\/\/mieldelatorre.com\/producto\/botella-ronmiel-70cl-caja-de-6\/"]}]},{"@type":"ImageObject","inLanguage":"en-GB","@id":"https:\/\/mieldelatorre.com\/producto\/botella-ronmiel-70cl-caja-de-6\/#primaryimage","url":"https:\/\/mieldelatorre.com\/wp-content\/uploads\/2026\/01\/CAJA-NUEVO-RONMIEL-70CL-WEB.webp","contentUrl":"https:\/\/mieldelatorre.com\/wp-content\/uploads\/2026\/01\/CAJA-NUEVO-RONMIEL-70CL-WEB.webp","width":800,"height":800},{"@type":"BreadcrumbList","@id":"https:\/\/mieldelatorre.com\/producto\/botella-ronmiel-70cl-caja-de-6\/#breadcrumb","itemListElement":[{"@type":"ListItem","position":1,"name":"Portada","item":"https:\/\/mieldelatorre.com\/"},{"@type":"ListItem","position":2,"name":"Tienda","item":"https:\/\/mieldelatorre.com\/tienda\/"},{"@type":"ListItem","position":3,"name":"BOTELLA RONMIEL 70 CL (CAJA DE 6)"}]},{"@type":"WebSite","@id":"https:\/\/mieldelatorre.com\/#website","url":"https:\/\/mieldelatorre.com\/","name":"miel de ca\u00f1a de la torre","description":"El Ingenio Nuestra Se\u00f1ora del Carmen elabora desde 1725 la miel de ca\u00f1a Frigiliana, producto natural rico en vitaminas y minerales","publisher":{"@id":"https:\/\/mieldelatorre.com\/#organization"},"potentialAction":[{"@type":"SearchAction","target":{"@type":"EntryPoint","urlTemplate":"https:\/\/mieldelatorre.com\/?s={search_term_string}"},"query-input":{"@type":"PropertyValueSpecification","valueRequired":true,"valueName":"search_term_string"}}],"inLanguage":"en-GB"},{"@type":"Organization","@id":"https:\/\/mieldelatorre.com\/#organization","name":"De La Torre S.L. miel de ca\u00f1a","url":"https:\/\/mieldelatorre.com\/","logo":{"@type":"ImageObject","inLanguage":"en-GB","@id":"https:\/\/mieldelatorre.com\/#\/schema\/logo\/image\/","url":"","contentUrl":"","caption":"De La Torre S.L. miel de ca\u00f1a"},"image":{"@id":"https:\/\/mieldelatorre.com\/#\/schema\/logo\/image\/"},"sameAs":["https:\/\/www.facebook.com\/mieldelatorre","https:\/\/www.instagram.com\/ingenio_nra_sra_del_carmen\/","https:\/\/www.youtube.com\/channel\/UCBi3fBnBWX9RaxeqMhjQ_JQ"]}]}},"_links":{"self":[{"href":"https:\/\/mieldelatorre.com\/en\/wp-json\/wp\/v2\/product\/8790","targetHints":{"allow":["GET"]}}],"collection":[{"href":"https:\/\/mieldelatorre.com\/en\/wp-json\/wp\/v2\/product"}],"about":[{"href":"https:\/\/mieldelatorre.com\/en\/wp-json\/wp\/v2\/types\/product"}],"replies":[{"embeddable":true,"href":"https:\/\/mieldelatorre.com\/en\/wp-json\/wp\/v2\/comments?post=8790"}],"version-history":[{"count":5,"href":"https:\/\/mieldelatorre.com\/en\/wp-json\/wp\/v2\/product\/8790\/revisions"}],"predecessor-version":[{"id":10378,"href":"https:\/\/mieldelatorre.com\/en\/wp-json\/wp\/v2\/product\/8790\/revisions\/10378"}],"wp:featuredmedia":[{"embeddable":true,"href":"https:\/\/mieldelatorre.com\/en\/wp-json\/wp\/v2\/media\/12294"}],"wp:attachment":[{"href":"https:\/\/mieldelatorre.com\/en\/wp-json\/wp\/v2\/media?parent=8790"}],"wp:term":[{"taxonomy":"product_brand","embeddable":true,"href":"https:\/\/mieldelatorre.com\/en\/wp-json\/wp\/v2\/product_brand?post=8790"},{"taxonomy":"product_cat","embeddable":true,"href":"https:\/\/mieldelatorre.com\/en\/wp-json\/wp\/v2\/product_cat?post=8790"},{"taxonomy":"product_tag","embeddable":true,"href":"https:\/\/mieldelatorre.com\/en\/wp-json\/wp\/v2\/product_tag?post=8790"}],"curies":[{"name":"wp","href":"https:\/\/api.w.org\/{rel}","templated":true}]}}