
{"id":748,"date":"2022-08-02T08:45:08","date_gmt":"2022-08-02T06:45:08","guid":{"rendered":"https:\/\/mieldelatorre.com\/?post_type=product&#038;p=748"},"modified":"2025-12-29T16:59:13","modified_gmt":"2025-12-29T15:59:13","slug":"botes-920g-caja-8","status":"publish","type":"product","link":"https:\/\/mieldelatorre.com\/en\/product\/botes-920g-caja-8\/","title":{"rendered":"JARS 920 g (BOX OF 8)"},"content":{"rendered":"<p>&nbsp;<\/p>\n<p>&nbsp;<\/p>\n<p>&nbsp;<\/p>","protected":false},"excerpt":{"rendered":"<p style=\"text-align: justify; font-family: gill-sans-mt;\">Box with 8 glass jars of 920 g (net weight) of concentrated sugarcane juice traditionally known as <span style=\"font-family: melk;\"><strong>\u00abMIELDECA\u00d1A\u00bb<\/strong><\/span> from Frigiliana.<\/p>\n<p>&nbsp;<\/p>\n<p style=\"text-align: justify; font-family: gill-sans-mt;\"><span style=\"color: #301e16;\">Its sweet flavor and honeyed texture make this product a 100% natural vegan honey. It is a natural sweetener with fewer calories and more nutrients than sugar and brown sugar. But it is also a versatile ingredient in kitchens.<\/span><\/p>\n<p>&nbsp;<\/p>\n<p><span style=\"font-family: gill-sans-mt;\">We have been cutting sugar cane for over 300 years, extracting its juice and cooking it using our traditional ancestral recipe to create concentrated sugarcane juice (Andalusian sugarcane molasses). Rich in vitamins and minerals, its ideal with fried aubergines, dairy products, meats and as a natural sweetener  to create sauces.\u00a0<\/span><\/p>\n<p>&nbsp;<\/p>\n<p style=\"text-align: justify; font-family: gill-sans-mt;\"><span style=\"color: #301e16;\">Use it to sweeten your coffees or infusions, for baked meats and fish, in fried foods or tempuras. It combines very well with salads, acid fruits and dairy products. Perfect for creating sauces (barbecue, teriyaki, kabayaki, vinaigrette,...), essential in traditional sweets and modern pastries.<\/span><\/p>\n<p>&nbsp;<\/p>\n<p style=\"font-family: gill-sans-mt;\"><span style=\"color: #301e16;\"><span style=\"font-family: melk; color: #5a3728;\">INGREDIENTS:<\/span> concentrated sugar cane juice and acidulant (citric acid).<\/span><\/p>\n<p>&nbsp;<\/p>\n<p><img decoding=\"async\" class=\"alignnone wp-image-4655\" src=\"https:\/\/mieldelatorre.com\/wp-content\/uploads\/2021\/04\/022Recurso-17-1.png\" alt=\"\" width=\"83\" height=\"41\" \/><\/p>","protected":false},"featured_media":8891,"comment_status":"open","ping_status":"closed","template":"","meta":{"inline_featured_image":false,"_exactmetrics_skip_tracking":false,"_exactmetrics_sitenote_active":false,"_exactmetrics_sitenote_note":"","_exactmetrics_sitenote_category":0},"product_brand":[],"product_cat":[22],"product_tag":[],"class_list":{"0":"post-748","1":"product","2":"type-product","3":"status-publish","4":"has-post-thumbnail","6":"product_cat-uncategorised","8":"first","9":"instock","10":"shipping-taxable","11":"purchasable","12":"product-type-simple"},"yoast_head":"<!-- This site is optimized with the Yoast SEO plugin v26.9 - https:\/\/yoast.com\/product\/yoast-seo-wordpress\/ -->\n<title>BOTES DE 920 g (CAJA DE 8) - MIEL DE CA\u00d1A DE FRIGILIANA PRODUCTO NATURAL<\/title>\n<meta name=\"description\" content=\"Su sabor dulce y textura melosa convierten este producto en una miel vegana, 100% natural. Es un endulzante natural con menos calor\u00edas y m\u00e1s nutrientes que el az\u00facar y la panela. Pero tambi\u00e9n es un ingrediente vers\u00e1til en las cocinas.Usalo para endulzar tus caf\u00e9s o infusiones, para carnes y pescados al horno, en frituras o tempuras. Combina muy bien con las ensaladas, frutas \u00e1cidas y l\u00e1cteos. Perfecto para crear salsas (barbacoa, teriyaki, kabayaki, vinagreta,\u2026), imprescindible en los dulces tradicionales y reposter\u00eda moderna.\" \/>\n<meta name=\"robots\" content=\"index, follow, max-snippet:-1, max-image-preview:large, max-video-preview:-1\" \/>\n<link rel=\"canonical\" href=\"https:\/\/mieldelatorre.com\/en\/product\/botes-920g-caja-8\/\" \/>\n<meta property=\"og:locale\" content=\"en_GB\" \/>\n<meta property=\"og:type\" content=\"article\" \/>\n<meta property=\"og:title\" content=\"BOTES DE 920 g (CAJA DE 8) - MIEL DE CA\u00d1A DE FRIGILIANA PRODUCTO NATURAL\" \/>\n<meta property=\"og:description\" content=\"Su sabor dulce y textura melosa convierten este producto en una miel vegana, 100% natural. Es un endulzante natural con menos calor\u00edas y m\u00e1s nutrientes que el az\u00facar y la panela. Pero tambi\u00e9n es un ingrediente vers\u00e1til en las cocinas.Usalo para endulzar tus caf\u00e9s o infusiones, para carnes y pescados al horno, en frituras o tempuras. Combina muy bien con las ensaladas, frutas \u00e1cidas y l\u00e1cteos. Perfecto para crear salsas (barbacoa, teriyaki, kabayaki, vinagreta,\u2026), imprescindible en los dulces tradicionales y reposter\u00eda moderna.\" \/>\n<meta property=\"og:url\" content=\"https:\/\/mieldelatorre.com\/en\/product\/botes-920g-caja-8\/\" \/>\n<meta property=\"og:site_name\" content=\"MIEL DE CA\u00d1A DE FRIGILIANA PRODUCTO NATURAL\" \/>\n<meta property=\"article:publisher\" content=\"https:\/\/www.facebook.com\/mieldelatorre\" \/>\n<meta property=\"article:modified_time\" content=\"2025-12-29T15:59:13+00:00\" \/>\n<meta property=\"og:image\" content=\"https:\/\/mieldelatorre.com\/wp-content\/uploads\/2022\/08\/BOTE-920-WEB-CAJA-2.webp\" \/>\n\t<meta property=\"og:image:width\" content=\"800\" \/>\n\t<meta property=\"og:image:height\" content=\"800\" \/>\n\t<meta property=\"og:image:type\" content=\"image\/webp\" \/>\n<meta name=\"twitter:card\" content=\"summary_large_image\" \/>\n<script type=\"application\/ld+json\" class=\"yoast-schema-graph\">{\"@context\":\"https:\/\/schema.org\",\"@graph\":[{\"@type\":\"WebPage\",\"@id\":\"https:\/\/mieldelatorre.com\/producto\/botes-920g-caja-8\/\",\"url\":\"https:\/\/mieldelatorre.com\/producto\/botes-920g-caja-8\/\",\"name\":\"BOTES DE 920 g (CAJA DE 8) - MIEL DE CA\u00d1A DE FRIGILIANA PRODUCTO NATURAL\",\"isPartOf\":{\"@id\":\"https:\/\/mieldelatorre.com\/#website\"},\"primaryImageOfPage\":{\"@id\":\"https:\/\/mieldelatorre.com\/producto\/botes-920g-caja-8\/#primaryimage\"},\"image\":{\"@id\":\"https:\/\/mieldelatorre.com\/producto\/botes-920g-caja-8\/#primaryimage\"},\"thumbnailUrl\":\"https:\/\/mieldelatorre.com\/wp-content\/uploads\/2022\/08\/BOTE-920-WEB-CAJA-2.webp\",\"datePublished\":\"2022-08-02T06:45:08+00:00\",\"dateModified\":\"2025-12-29T15:59:13+00:00\",\"description\":\"Su sabor dulce y textura melosa convierten este producto en una miel vegana, 100% natural. Es un endulzante natural con menos calor\u00edas y m\u00e1s nutrientes que el az\u00facar y la panela. Pero tambi\u00e9n es un ingrediente vers\u00e1til en las cocinas.Usalo para endulzar tus caf\u00e9s o infusiones, para carnes y pescados al horno, en frituras o tempuras. Combina muy bien con las ensaladas, frutas \u00e1cidas y l\u00e1cteos. Perfecto para crear salsas (barbacoa, teriyaki, kabayaki, vinagreta,\u2026), imprescindible en los dulces tradicionales y reposter\u00eda moderna.\",\"breadcrumb\":{\"@id\":\"https:\/\/mieldelatorre.com\/producto\/botes-920g-caja-8\/#breadcrumb\"},\"inLanguage\":\"en-GB\",\"potentialAction\":[{\"@type\":\"ReadAction\",\"target\":[\"https:\/\/mieldelatorre.com\/producto\/botes-920g-caja-8\/\"]}]},{\"@type\":\"ImageObject\",\"inLanguage\":\"en-GB\",\"@id\":\"https:\/\/mieldelatorre.com\/producto\/botes-920g-caja-8\/#primaryimage\",\"url\":\"https:\/\/mieldelatorre.com\/wp-content\/uploads\/2022\/08\/BOTE-920-WEB-CAJA-2.webp\",\"contentUrl\":\"https:\/\/mieldelatorre.com\/wp-content\/uploads\/2022\/08\/BOTE-920-WEB-CAJA-2.webp\",\"width\":800,\"height\":800},{\"@type\":\"BreadcrumbList\",\"@id\":\"https:\/\/mieldelatorre.com\/producto\/botes-920g-caja-8\/#breadcrumb\",\"itemListElement\":[{\"@type\":\"ListItem\",\"position\":1,\"name\":\"Portada\",\"item\":\"https:\/\/mieldelatorre.com\/\"},{\"@type\":\"ListItem\",\"position\":2,\"name\":\"Tienda\",\"item\":\"https:\/\/mieldelatorre.com\/tienda\/\"},{\"@type\":\"ListItem\",\"position\":3,\"name\":\"BOTES DE 920 g (CAJA DE 8)\"}]},{\"@type\":\"WebSite\",\"@id\":\"https:\/\/mieldelatorre.com\/#website\",\"url\":\"https:\/\/mieldelatorre.com\/\",\"name\":\"miel de ca\u00f1a de la torre\",\"description\":\"El Ingenio Nuestra Se\u00f1ora del Carmen elabora desde 1725 la miel de ca\u00f1a Frigiliana, producto natural rico en vitaminas y minerales\",\"publisher\":{\"@id\":\"https:\/\/mieldelatorre.com\/#organization\"},\"potentialAction\":[{\"@type\":\"SearchAction\",\"target\":{\"@type\":\"EntryPoint\",\"urlTemplate\":\"https:\/\/mieldelatorre.com\/?s={search_term_string}\"},\"query-input\":{\"@type\":\"PropertyValueSpecification\",\"valueRequired\":true,\"valueName\":\"search_term_string\"}}],\"inLanguage\":\"en-GB\"},{\"@type\":\"Organization\",\"@id\":\"https:\/\/mieldelatorre.com\/#organization\",\"name\":\"De La Torre S.L. miel de ca\u00f1a\",\"url\":\"https:\/\/mieldelatorre.com\/\",\"logo\":{\"@type\":\"ImageObject\",\"inLanguage\":\"en-GB\",\"@id\":\"https:\/\/mieldelatorre.com\/#\/schema\/logo\/image\/\",\"url\":\"\",\"contentUrl\":\"\",\"caption\":\"De La Torre S.L. miel de ca\u00f1a\"},\"image\":{\"@id\":\"https:\/\/mieldelatorre.com\/#\/schema\/logo\/image\/\"},\"sameAs\":[\"https:\/\/www.facebook.com\/mieldelatorre\",\"https:\/\/www.instagram.com\/ingenio_nra_sra_del_carmen\/\",\"https:\/\/www.youtube.com\/channel\/UCBi3fBnBWX9RaxeqMhjQ_JQ\"]}]}<\/script>\n<!-- \/ Yoast SEO plugin. -->","yoast_head_json":{"title":"BOTES DE 920 g (CAJA DE 8) - MIEL DE CA\u00d1A DE FRIGILIANA PRODUCTO NATURAL","description":"Su sabor dulce y textura melosa convierten este producto en una miel vegana, 100% natural. Es un endulzante natural con menos calor\u00edas y m\u00e1s nutrientes que el az\u00facar y la panela. Pero tambi\u00e9n es un ingrediente vers\u00e1til en las cocinas.Usalo para endulzar tus caf\u00e9s o infusiones, para carnes y pescados al horno, en frituras o tempuras. Combina muy bien con las ensaladas, frutas \u00e1cidas y l\u00e1cteos. Perfecto para crear salsas (barbacoa, teriyaki, kabayaki, vinagreta,\u2026), imprescindible en los dulces tradicionales y reposter\u00eda moderna.","robots":{"index":"index","follow":"follow","max-snippet":"max-snippet:-1","max-image-preview":"max-image-preview:large","max-video-preview":"max-video-preview:-1"},"canonical":"https:\/\/mieldelatorre.com\/en\/product\/botes-920g-caja-8\/","og_locale":"en_GB","og_type":"article","og_title":"BOTES DE 920 g (CAJA DE 8) - MIEL DE CA\u00d1A DE FRIGILIANA PRODUCTO NATURAL","og_description":"Su sabor dulce y textura melosa convierten este producto en una miel vegana, 100% natural. Es un endulzante natural con menos calor\u00edas y m\u00e1s nutrientes que el az\u00facar y la panela. Pero tambi\u00e9n es un ingrediente vers\u00e1til en las cocinas.Usalo para endulzar tus caf\u00e9s o infusiones, para carnes y pescados al horno, en frituras o tempuras. Combina muy bien con las ensaladas, frutas \u00e1cidas y l\u00e1cteos. Perfecto para crear salsas (barbacoa, teriyaki, kabayaki, vinagreta,\u2026), imprescindible en los dulces tradicionales y reposter\u00eda moderna.","og_url":"https:\/\/mieldelatorre.com\/en\/product\/botes-920g-caja-8\/","og_site_name":"MIEL DE CA\u00d1A DE FRIGILIANA PRODUCTO NATURAL","article_publisher":"https:\/\/www.facebook.com\/mieldelatorre","article_modified_time":"2025-12-29T15:59:13+00:00","og_image":[{"width":800,"height":800,"url":"https:\/\/mieldelatorre.com\/wp-content\/uploads\/2022\/08\/BOTE-920-WEB-CAJA-2.webp","type":"image\/webp"}],"twitter_card":"summary_large_image","schema":{"@context":"https:\/\/schema.org","@graph":[{"@type":"WebPage","@id":"https:\/\/mieldelatorre.com\/producto\/botes-920g-caja-8\/","url":"https:\/\/mieldelatorre.com\/producto\/botes-920g-caja-8\/","name":"BOTES DE 920 g (CAJA DE 8) - MIEL DE CA\u00d1A DE FRIGILIANA PRODUCTO NATURAL","isPartOf":{"@id":"https:\/\/mieldelatorre.com\/#website"},"primaryImageOfPage":{"@id":"https:\/\/mieldelatorre.com\/producto\/botes-920g-caja-8\/#primaryimage"},"image":{"@id":"https:\/\/mieldelatorre.com\/producto\/botes-920g-caja-8\/#primaryimage"},"thumbnailUrl":"https:\/\/mieldelatorre.com\/wp-content\/uploads\/2022\/08\/BOTE-920-WEB-CAJA-2.webp","datePublished":"2022-08-02T06:45:08+00:00","dateModified":"2025-12-29T15:59:13+00:00","description":"Su sabor dulce y textura melosa convierten este producto en una miel vegana, 100% natural. Es un endulzante natural con menos calor\u00edas y m\u00e1s nutrientes que el az\u00facar y la panela. Pero tambi\u00e9n es un ingrediente vers\u00e1til en las cocinas.Usalo para endulzar tus caf\u00e9s o infusiones, para carnes y pescados al horno, en frituras o tempuras. Combina muy bien con las ensaladas, frutas \u00e1cidas y l\u00e1cteos. Perfecto para crear salsas (barbacoa, teriyaki, kabayaki, vinagreta,\u2026), imprescindible en los dulces tradicionales y reposter\u00eda moderna.","breadcrumb":{"@id":"https:\/\/mieldelatorre.com\/producto\/botes-920g-caja-8\/#breadcrumb"},"inLanguage":"en-GB","potentialAction":[{"@type":"ReadAction","target":["https:\/\/mieldelatorre.com\/producto\/botes-920g-caja-8\/"]}]},{"@type":"ImageObject","inLanguage":"en-GB","@id":"https:\/\/mieldelatorre.com\/producto\/botes-920g-caja-8\/#primaryimage","url":"https:\/\/mieldelatorre.com\/wp-content\/uploads\/2022\/08\/BOTE-920-WEB-CAJA-2.webp","contentUrl":"https:\/\/mieldelatorre.com\/wp-content\/uploads\/2022\/08\/BOTE-920-WEB-CAJA-2.webp","width":800,"height":800},{"@type":"BreadcrumbList","@id":"https:\/\/mieldelatorre.com\/producto\/botes-920g-caja-8\/#breadcrumb","itemListElement":[{"@type":"ListItem","position":1,"name":"Portada","item":"https:\/\/mieldelatorre.com\/"},{"@type":"ListItem","position":2,"name":"Tienda","item":"https:\/\/mieldelatorre.com\/tienda\/"},{"@type":"ListItem","position":3,"name":"BOTES DE 920 g (CAJA DE 8)"}]},{"@type":"WebSite","@id":"https:\/\/mieldelatorre.com\/#website","url":"https:\/\/mieldelatorre.com\/","name":"miel de ca\u00f1a de la torre","description":"El Ingenio Nuestra Se\u00f1ora del Carmen elabora desde 1725 la miel de ca\u00f1a Frigiliana, producto natural rico en vitaminas y minerales","publisher":{"@id":"https:\/\/mieldelatorre.com\/#organization"},"potentialAction":[{"@type":"SearchAction","target":{"@type":"EntryPoint","urlTemplate":"https:\/\/mieldelatorre.com\/?s={search_term_string}"},"query-input":{"@type":"PropertyValueSpecification","valueRequired":true,"valueName":"search_term_string"}}],"inLanguage":"en-GB"},{"@type":"Organization","@id":"https:\/\/mieldelatorre.com\/#organization","name":"De La Torre S.L. miel de ca\u00f1a","url":"https:\/\/mieldelatorre.com\/","logo":{"@type":"ImageObject","inLanguage":"en-GB","@id":"https:\/\/mieldelatorre.com\/#\/schema\/logo\/image\/","url":"","contentUrl":"","caption":"De La Torre S.L. miel de ca\u00f1a"},"image":{"@id":"https:\/\/mieldelatorre.com\/#\/schema\/logo\/image\/"},"sameAs":["https:\/\/www.facebook.com\/mieldelatorre","https:\/\/www.instagram.com\/ingenio_nra_sra_del_carmen\/","https:\/\/www.youtube.com\/channel\/UCBi3fBnBWX9RaxeqMhjQ_JQ"]}]}},"_links":{"self":[{"href":"https:\/\/mieldelatorre.com\/en\/wp-json\/wp\/v2\/product\/748","targetHints":{"allow":["GET"]}}],"collection":[{"href":"https:\/\/mieldelatorre.com\/en\/wp-json\/wp\/v2\/product"}],"about":[{"href":"https:\/\/mieldelatorre.com\/en\/wp-json\/wp\/v2\/types\/product"}],"replies":[{"embeddable":true,"href":"https:\/\/mieldelatorre.com\/en\/wp-json\/wp\/v2\/comments?post=748"}],"version-history":[{"count":7,"href":"https:\/\/mieldelatorre.com\/en\/wp-json\/wp\/v2\/product\/748\/revisions"}],"predecessor-version":[{"id":8941,"href":"https:\/\/mieldelatorre.com\/en\/wp-json\/wp\/v2\/product\/748\/revisions\/8941"}],"wp:featuredmedia":[{"embeddable":true,"href":"https:\/\/mieldelatorre.com\/en\/wp-json\/wp\/v2\/media\/8891"}],"wp:attachment":[{"href":"https:\/\/mieldelatorre.com\/en\/wp-json\/wp\/v2\/media?parent=748"}],"wp:term":[{"taxonomy":"product_brand","embeddable":true,"href":"https:\/\/mieldelatorre.com\/en\/wp-json\/wp\/v2\/product_brand?post=748"},{"taxonomy":"product_cat","embeddable":true,"href":"https:\/\/mieldelatorre.com\/en\/wp-json\/wp\/v2\/product_cat?post=748"},{"taxonomy":"product_tag","embeddable":true,"href":"https:\/\/mieldelatorre.com\/en\/wp-json\/wp\/v2\/product_tag?post=748"}],"curies":[{"name":"wp","href":"https:\/\/api.w.org\/{rel}","templated":true}]}}