
{"id":3993,"date":"2020-04-30T17:49:20","date_gmt":"2020-04-30T15:49:20","guid":{"rendered":"https:\/\/mieldelatorre.com\/?post_type=product&#038;p=3993"},"modified":"2025-12-29T17:04:44","modified_gmt":"2025-12-29T16:04:44","slug":"libro-miel-de-cana","status":"publish","type":"product","link":"https:\/\/mieldelatorre.com\/en\/product\/libro-miel-de-cana\/","title":{"rendered":"SUGARCANE MOLASSES BOOK"},"content":{"rendered":"<p><span style=\"font-family: gill-sans-mt;\">We have been cutting sugar cane for over 300 years, extracting its juice and cooking it using our traditional ancestral recipe to create concentrated sugarcane juice (Andalusian sugarcane molasses). Rich in vitamins and minerals, its ideal with fried aubergines, dairy products, meats and as a natural sweetener  to create sauces.\u00a0<\/span><!-- img class=\"aligncenter\" src=\"https:\/\/mieldelatorre.com\/wp-content\/uploads\/2020\/09\/021Recurso-16-298x300.png\" sizes=\"(max-width: 298px) 100vw, 298px\" srcset=\"https:\/\/mieldelatorre.com\/wp-content\/uploads\/2020\/09\/021Recurso-16-298x300.png 298w, https:\/\/mieldelatorre.com\/wp-content\/uploads\/2020\/09\/021Recurso-16-150x150.png 150w, https:\/\/mieldelatorre.com\/wp-content\/uploads\/2020\/09\/021Recurso-16-100x100.png 100w, https:\/\/mieldelatorre.com\/wp-content\/uploads\/2020\/09\/021Recurso-16.png 370w\" alt=\"\" width=\"298\" height=\"300\" \/ --><\/p>","protected":false},"excerpt":{"rendered":"<p>We have been cutting sugar cane for over 300 years, extracting its juice and cooking it using our traditional ancestral recipe to create concentrated sugarcane juice (Andalusian sugarcane molasses). Rich in vitamins and minerals, its ideal with fried aubergines, dairy products, meats and as a natural sweetener  to create sauces.\u00a0<\/p>","protected":false},"featured_media":6307,"comment_status":"open","ping_status":"closed","template":"","meta":{"inline_featured_image":false,"_exactmetrics_skip_tracking":false,"_exactmetrics_sitenote_active":false,"_exactmetrics_sitenote_note":"","_exactmetrics_sitenote_category":0},"product_brand":[],"product_cat":[22],"product_tag":[],"class_list":{"0":"post-3993","1":"product","2":"type-product","3":"status-publish","4":"has-post-thumbnail","6":"product_cat-uncategorised","8":"first","9":"instock","10":"shipping-taxable","11":"purchasable","12":"product-type-simple"},"yoast_head":"<!-- This site is optimized with the Yoast SEO plugin v26.9 - https:\/\/yoast.com\/product\/yoast-seo-wordpress\/ -->\n<title>LIBRO MIEL DE CA\u00d1A - MIEL DE CA\u00d1A DE FRIGILIANA PRODUCTO NATURAL<\/title>\n<meta name=\"description\" content=\"Su sabor dulce y textura melosa convierten este producto en una miel vegana, 100% natural. Es un endulzante natural con menos calor\u00edas y m\u00e1s nutrientes que el az\u00facar y la panela. Pero tambi\u00e9n es un ingrediente vers\u00e1til en las cocinas.Usalo para endulzar tus caf\u00e9s o infusiones, para carnes y pescados al horno, en frituras o tempuras. Combina muy bien con las ensaladas, frutas \u00e1cidas y l\u00e1cteos. Perfecto para crear salsas (barbacoa, teriyaki, kabayaki, vinagreta,\u2026), imprescindible en los dulces tradicionales y reposter\u00eda moderna.\" \/>\n<meta name=\"robots\" content=\"index, follow, max-snippet:-1, max-image-preview:large, max-video-preview:-1\" \/>\n<link rel=\"canonical\" href=\"https:\/\/mieldelatorre.com\/en\/product\/libro-miel-de-cana\/\" \/>\n<meta property=\"og:locale\" content=\"en_GB\" \/>\n<meta property=\"og:type\" content=\"article\" \/>\n<meta property=\"og:title\" content=\"LIBRO MIEL DE CA\u00d1A - MIEL DE CA\u00d1A DE FRIGILIANA PRODUCTO NATURAL\" \/>\n<meta property=\"og:description\" content=\"Su sabor dulce y textura melosa convierten este producto en una miel vegana, 100% natural. Es un endulzante natural con menos calor\u00edas y m\u00e1s nutrientes que el az\u00facar y la panela. Pero tambi\u00e9n es un ingrediente vers\u00e1til en las cocinas.Usalo para endulzar tus caf\u00e9s o infusiones, para carnes y pescados al horno, en frituras o tempuras. Combina muy bien con las ensaladas, frutas \u00e1cidas y l\u00e1cteos. Perfecto para crear salsas (barbacoa, teriyaki, kabayaki, vinagreta,\u2026), imprescindible en los dulces tradicionales y reposter\u00eda moderna.\" \/>\n<meta property=\"og:url\" content=\"https:\/\/mieldelatorre.com\/en\/product\/libro-miel-de-cana\/\" \/>\n<meta property=\"og:site_name\" content=\"MIEL DE CA\u00d1A DE FRIGILIANA PRODUCTO NATURAL\" \/>\n<meta property=\"article:publisher\" content=\"https:\/\/www.facebook.com\/mieldelatorre\" \/>\n<meta property=\"article:modified_time\" content=\"2025-12-29T16:04:44+00:00\" \/>\n<meta property=\"og:image\" content=\"https:\/\/mieldelatorre.com\/wp-content\/uploads\/2021\/06\/libro_miel_fernando_3d_web-02-1.png\" \/>\n\t<meta property=\"og:image:width\" content=\"433\" \/>\n\t<meta property=\"og:image:height\" content=\"433\" \/>\n\t<meta property=\"og:image:type\" content=\"image\/png\" \/>\n<meta name=\"twitter:card\" content=\"summary_large_image\" \/>\n<meta name=\"twitter:label1\" content=\"Estimated reading time\" \/>\n\t<meta name=\"twitter:data1\" content=\"1 minute\" \/>\n<script type=\"application\/ld+json\" class=\"yoast-schema-graph\">{\"@context\":\"https:\/\/schema.org\",\"@graph\":[{\"@type\":\"WebPage\",\"@id\":\"https:\/\/mieldelatorre.com\/producto\/libro-miel-de-cana\/\",\"url\":\"https:\/\/mieldelatorre.com\/producto\/libro-miel-de-cana\/\",\"name\":\"LIBRO MIEL DE CA\u00d1A - MIEL DE CA\u00d1A DE FRIGILIANA PRODUCTO NATURAL\",\"isPartOf\":{\"@id\":\"https:\/\/mieldelatorre.com\/#website\"},\"primaryImageOfPage\":{\"@id\":\"https:\/\/mieldelatorre.com\/producto\/libro-miel-de-cana\/#primaryimage\"},\"image\":{\"@id\":\"https:\/\/mieldelatorre.com\/producto\/libro-miel-de-cana\/#primaryimage\"},\"thumbnailUrl\":\"https:\/\/mieldelatorre.com\/wp-content\/uploads\/2021\/06\/libro_miel_fernando_3d_web-02-1.png\",\"datePublished\":\"2020-04-30T15:49:20+00:00\",\"dateModified\":\"2025-12-29T16:04:44+00:00\",\"description\":\"Su sabor dulce y textura melosa convierten este producto en una miel vegana, 100% natural. Es un endulzante natural con menos calor\u00edas y m\u00e1s nutrientes que el az\u00facar y la panela. Pero tambi\u00e9n es un ingrediente vers\u00e1til en las cocinas.Usalo para endulzar tus caf\u00e9s o infusiones, para carnes y pescados al horno, en frituras o tempuras. Combina muy bien con las ensaladas, frutas \u00e1cidas y l\u00e1cteos. Perfecto para crear salsas (barbacoa, teriyaki, kabayaki, vinagreta,\u2026), imprescindible en los dulces tradicionales y reposter\u00eda moderna.\",\"breadcrumb\":{\"@id\":\"https:\/\/mieldelatorre.com\/producto\/libro-miel-de-cana\/#breadcrumb\"},\"inLanguage\":\"en-GB\",\"potentialAction\":[{\"@type\":\"ReadAction\",\"target\":[\"https:\/\/mieldelatorre.com\/producto\/libro-miel-de-cana\/\"]}]},{\"@type\":\"ImageObject\",\"inLanguage\":\"en-GB\",\"@id\":\"https:\/\/mieldelatorre.com\/producto\/libro-miel-de-cana\/#primaryimage\",\"url\":\"https:\/\/mieldelatorre.com\/wp-content\/uploads\/2021\/06\/libro_miel_fernando_3d_web-02-1.png\",\"contentUrl\":\"https:\/\/mieldelatorre.com\/wp-content\/uploads\/2021\/06\/libro_miel_fernando_3d_web-02-1.png\",\"width\":433,\"height\":433},{\"@type\":\"BreadcrumbList\",\"@id\":\"https:\/\/mieldelatorre.com\/producto\/libro-miel-de-cana\/#breadcrumb\",\"itemListElement\":[{\"@type\":\"ListItem\",\"position\":1,\"name\":\"Portada\",\"item\":\"https:\/\/mieldelatorre.com\/\"},{\"@type\":\"ListItem\",\"position\":2,\"name\":\"Tienda\",\"item\":\"https:\/\/mieldelatorre.com\/tienda\/\"},{\"@type\":\"ListItem\",\"position\":3,\"name\":\"LIBRO MIEL DE CA\u00d1A\"}]},{\"@type\":\"WebSite\",\"@id\":\"https:\/\/mieldelatorre.com\/#website\",\"url\":\"https:\/\/mieldelatorre.com\/\",\"name\":\"miel de ca\u00f1a de la torre\",\"description\":\"El Ingenio Nuestra Se\u00f1ora del Carmen elabora desde 1725 la miel de ca\u00f1a Frigiliana, producto natural rico en vitaminas y minerales\",\"publisher\":{\"@id\":\"https:\/\/mieldelatorre.com\/#organization\"},\"potentialAction\":[{\"@type\":\"SearchAction\",\"target\":{\"@type\":\"EntryPoint\",\"urlTemplate\":\"https:\/\/mieldelatorre.com\/?s={search_term_string}\"},\"query-input\":{\"@type\":\"PropertyValueSpecification\",\"valueRequired\":true,\"valueName\":\"search_term_string\"}}],\"inLanguage\":\"en-GB\"},{\"@type\":\"Organization\",\"@id\":\"https:\/\/mieldelatorre.com\/#organization\",\"name\":\"De La Torre S.L. miel de ca\u00f1a\",\"url\":\"https:\/\/mieldelatorre.com\/\",\"logo\":{\"@type\":\"ImageObject\",\"inLanguage\":\"en-GB\",\"@id\":\"https:\/\/mieldelatorre.com\/#\/schema\/logo\/image\/\",\"url\":\"\",\"contentUrl\":\"\",\"caption\":\"De La Torre S.L. miel de ca\u00f1a\"},\"image\":{\"@id\":\"https:\/\/mieldelatorre.com\/#\/schema\/logo\/image\/\"},\"sameAs\":[\"https:\/\/www.facebook.com\/mieldelatorre\",\"https:\/\/www.instagram.com\/ingenio_nra_sra_del_carmen\/\",\"https:\/\/www.youtube.com\/channel\/UCBi3fBnBWX9RaxeqMhjQ_JQ\"]}]}<\/script>\n<!-- \/ Yoast SEO plugin. -->","yoast_head_json":{"title":"LIBRO MIEL DE CA\u00d1A - MIEL DE CA\u00d1A DE FRIGILIANA PRODUCTO NATURAL","description":"Su sabor dulce y textura melosa convierten este producto en una miel vegana, 100% natural. Es un endulzante natural con menos calor\u00edas y m\u00e1s nutrientes que el az\u00facar y la panela. Pero tambi\u00e9n es un ingrediente vers\u00e1til en las cocinas.Usalo para endulzar tus caf\u00e9s o infusiones, para carnes y pescados al horno, en frituras o tempuras. Combina muy bien con las ensaladas, frutas \u00e1cidas y l\u00e1cteos. Perfecto para crear salsas (barbacoa, teriyaki, kabayaki, vinagreta,\u2026), imprescindible en los dulces tradicionales y reposter\u00eda moderna.","robots":{"index":"index","follow":"follow","max-snippet":"max-snippet:-1","max-image-preview":"max-image-preview:large","max-video-preview":"max-video-preview:-1"},"canonical":"https:\/\/mieldelatorre.com\/en\/product\/libro-miel-de-cana\/","og_locale":"en_GB","og_type":"article","og_title":"LIBRO MIEL DE CA\u00d1A - MIEL DE CA\u00d1A DE FRIGILIANA PRODUCTO NATURAL","og_description":"Su sabor dulce y textura melosa convierten este producto en una miel vegana, 100% natural. Es un endulzante natural con menos calor\u00edas y m\u00e1s nutrientes que el az\u00facar y la panela. Pero tambi\u00e9n es un ingrediente vers\u00e1til en las cocinas.Usalo para endulzar tus caf\u00e9s o infusiones, para carnes y pescados al horno, en frituras o tempuras. Combina muy bien con las ensaladas, frutas \u00e1cidas y l\u00e1cteos. Perfecto para crear salsas (barbacoa, teriyaki, kabayaki, vinagreta,\u2026), imprescindible en los dulces tradicionales y reposter\u00eda moderna.","og_url":"https:\/\/mieldelatorre.com\/en\/product\/libro-miel-de-cana\/","og_site_name":"MIEL DE CA\u00d1A DE FRIGILIANA PRODUCTO NATURAL","article_publisher":"https:\/\/www.facebook.com\/mieldelatorre","article_modified_time":"2025-12-29T16:04:44+00:00","og_image":[{"width":433,"height":433,"url":"https:\/\/mieldelatorre.com\/wp-content\/uploads\/2021\/06\/libro_miel_fernando_3d_web-02-1.png","type":"image\/png"}],"twitter_card":"summary_large_image","twitter_misc":{"Estimated reading time":"1 minute"},"schema":{"@context":"https:\/\/schema.org","@graph":[{"@type":"WebPage","@id":"https:\/\/mieldelatorre.com\/producto\/libro-miel-de-cana\/","url":"https:\/\/mieldelatorre.com\/producto\/libro-miel-de-cana\/","name":"LIBRO MIEL DE CA\u00d1A - MIEL DE CA\u00d1A DE FRIGILIANA PRODUCTO NATURAL","isPartOf":{"@id":"https:\/\/mieldelatorre.com\/#website"},"primaryImageOfPage":{"@id":"https:\/\/mieldelatorre.com\/producto\/libro-miel-de-cana\/#primaryimage"},"image":{"@id":"https:\/\/mieldelatorre.com\/producto\/libro-miel-de-cana\/#primaryimage"},"thumbnailUrl":"https:\/\/mieldelatorre.com\/wp-content\/uploads\/2021\/06\/libro_miel_fernando_3d_web-02-1.png","datePublished":"2020-04-30T15:49:20+00:00","dateModified":"2025-12-29T16:04:44+00:00","description":"Su sabor dulce y textura melosa convierten este producto en una miel vegana, 100% natural. Es un endulzante natural con menos calor\u00edas y m\u00e1s nutrientes que el az\u00facar y la panela. Pero tambi\u00e9n es un ingrediente vers\u00e1til en las cocinas.Usalo para endulzar tus caf\u00e9s o infusiones, para carnes y pescados al horno, en frituras o tempuras. Combina muy bien con las ensaladas, frutas \u00e1cidas y l\u00e1cteos. Perfecto para crear salsas (barbacoa, teriyaki, kabayaki, vinagreta,\u2026), imprescindible en los dulces tradicionales y reposter\u00eda moderna.","breadcrumb":{"@id":"https:\/\/mieldelatorre.com\/producto\/libro-miel-de-cana\/#breadcrumb"},"inLanguage":"en-GB","potentialAction":[{"@type":"ReadAction","target":["https:\/\/mieldelatorre.com\/producto\/libro-miel-de-cana\/"]}]},{"@type":"ImageObject","inLanguage":"en-GB","@id":"https:\/\/mieldelatorre.com\/producto\/libro-miel-de-cana\/#primaryimage","url":"https:\/\/mieldelatorre.com\/wp-content\/uploads\/2021\/06\/libro_miel_fernando_3d_web-02-1.png","contentUrl":"https:\/\/mieldelatorre.com\/wp-content\/uploads\/2021\/06\/libro_miel_fernando_3d_web-02-1.png","width":433,"height":433},{"@type":"BreadcrumbList","@id":"https:\/\/mieldelatorre.com\/producto\/libro-miel-de-cana\/#breadcrumb","itemListElement":[{"@type":"ListItem","position":1,"name":"Portada","item":"https:\/\/mieldelatorre.com\/"},{"@type":"ListItem","position":2,"name":"Tienda","item":"https:\/\/mieldelatorre.com\/tienda\/"},{"@type":"ListItem","position":3,"name":"LIBRO MIEL DE CA\u00d1A"}]},{"@type":"WebSite","@id":"https:\/\/mieldelatorre.com\/#website","url":"https:\/\/mieldelatorre.com\/","name":"miel de ca\u00f1a de la torre","description":"El Ingenio Nuestra Se\u00f1ora del Carmen elabora desde 1725 la miel de ca\u00f1a Frigiliana, producto natural rico en vitaminas y minerales","publisher":{"@id":"https:\/\/mieldelatorre.com\/#organization"},"potentialAction":[{"@type":"SearchAction","target":{"@type":"EntryPoint","urlTemplate":"https:\/\/mieldelatorre.com\/?s={search_term_string}"},"query-input":{"@type":"PropertyValueSpecification","valueRequired":true,"valueName":"search_term_string"}}],"inLanguage":"en-GB"},{"@type":"Organization","@id":"https:\/\/mieldelatorre.com\/#organization","name":"De La Torre S.L. miel de ca\u00f1a","url":"https:\/\/mieldelatorre.com\/","logo":{"@type":"ImageObject","inLanguage":"en-GB","@id":"https:\/\/mieldelatorre.com\/#\/schema\/logo\/image\/","url":"","contentUrl":"","caption":"De La Torre S.L. miel de ca\u00f1a"},"image":{"@id":"https:\/\/mieldelatorre.com\/#\/schema\/logo\/image\/"},"sameAs":["https:\/\/www.facebook.com\/mieldelatorre","https:\/\/www.instagram.com\/ingenio_nra_sra_del_carmen\/","https:\/\/www.youtube.com\/channel\/UCBi3fBnBWX9RaxeqMhjQ_JQ"]}]}},"_links":{"self":[{"href":"https:\/\/mieldelatorre.com\/en\/wp-json\/wp\/v2\/product\/3993","targetHints":{"allow":["GET"]}}],"collection":[{"href":"https:\/\/mieldelatorre.com\/en\/wp-json\/wp\/v2\/product"}],"about":[{"href":"https:\/\/mieldelatorre.com\/en\/wp-json\/wp\/v2\/types\/product"}],"replies":[{"embeddable":true,"href":"https:\/\/mieldelatorre.com\/en\/wp-json\/wp\/v2\/comments?post=3993"}],"version-history":[{"count":2,"href":"https:\/\/mieldelatorre.com\/en\/wp-json\/wp\/v2\/product\/3993\/revisions"}],"predecessor-version":[{"id":4692,"href":"https:\/\/mieldelatorre.com\/en\/wp-json\/wp\/v2\/product\/3993\/revisions\/4692"}],"wp:featuredmedia":[{"embeddable":true,"href":"https:\/\/mieldelatorre.com\/en\/wp-json\/wp\/v2\/media\/6307"}],"wp:attachment":[{"href":"https:\/\/mieldelatorre.com\/en\/wp-json\/wp\/v2\/media?parent=3993"}],"wp:term":[{"taxonomy":"product_brand","embeddable":true,"href":"https:\/\/mieldelatorre.com\/en\/wp-json\/wp\/v2\/product_brand?post=3993"},{"taxonomy":"product_cat","embeddable":true,"href":"https:\/\/mieldelatorre.com\/en\/wp-json\/wp\/v2\/product_cat?post=3993"},{"taxonomy":"product_tag","embeddable":true,"href":"https:\/\/mieldelatorre.com\/en\/wp-json\/wp\/v2\/product_tag?post=3993"}],"curies":[{"name":"wp","href":"https:\/\/api.w.org\/{rel}","templated":true}]}}