
{"id":3988,"date":"2021-04-25T17:38:29","date_gmt":"2021-04-25T15:38:29","guid":{"rendered":"https:\/\/mieldelatorre.com\/?post_type=product&#038;p=3988"},"modified":"2025-12-29T17:02:33","modified_gmt":"2025-12-29T16:02:33","slug":"caramelos-100g","status":"publish","type":"product","link":"https:\/\/mieldelatorre.com\/en\/product\/caramelos-100g\/","title":{"rendered":"CANDIES 100 g"},"content":{"rendered":"","protected":false},"excerpt":{"rendered":"<p><span style=\"font-family: gill-sans-mt;\">Bag of candies of 100 g (net weight) of concentrated sugar cane juice traditionally known as <span style=\"font-family: melk;\"><strong>\u00abMIELDECA\u00d1A\u00bb<\/strong><\/span> from Frigiliana.<\/span><\/p>\n<p>&nbsp;<\/p>\n<p style=\"text-align: justify; font-family: gill-sans-mt;\"><span style=\"color: #301e16;\">It is a natural sweetener with fewer calories and more nutrients than sugar and brown sugar.<\/span><\/p>\n<p>&nbsp;<\/p>\n<p>&nbsp;<\/p>\n<p style=\"font-family: gill-sans-mt;\"><span style=\"color: #301e16;\"><span style=\"font-family: melk; color: #5a3728;\">INGREDIENTS:<\/span> sugar, glucose, concentrated sugarcane juice and acidulant (citric acid).<\/span><\/p>\n<p>&nbsp;<\/p>\n<p><img decoding=\"async\" class=\"alignnone wp-image-4655\" src=\"https:\/\/mieldelatorre.com\/wp-content\/uploads\/2021\/04\/022Recurso-17-1.png\" alt=\"\" width=\"83\" height=\"41\" \/><\/p>\n<p>&nbsp;<\/p>","protected":false},"featured_media":12204,"comment_status":"open","ping_status":"closed","template":"","meta":{"inline_featured_image":false,"_exactmetrics_skip_tracking":false,"_exactmetrics_sitenote_active":false,"_exactmetrics_sitenote_note":"","_exactmetrics_sitenote_category":0},"product_brand":[],"product_cat":[22],"product_tag":[],"class_list":{"0":"post-3988","1":"product","2":"type-product","3":"status-publish","4":"has-post-thumbnail","6":"product_cat-uncategorised","8":"first","9":"instock","10":"featured","11":"shipping-taxable","12":"purchasable","13":"product-type-simple"},"yoast_head":"<!-- This site is optimized with the Yoast SEO plugin v26.9 - https:\/\/yoast.com\/product\/yoast-seo-wordpress\/ -->\n<title>CARAMELOS 100 g - MIEL DE CA\u00d1A DE FRIGILIANA PRODUCTO NATURAL<\/title>\n<meta name=\"description\" content=\"Su sabor dulce y textura melosa convierten este producto en una miel vegana, 100% natural. Es un endulzante natural con menos calor\u00edas y m\u00e1s nutrientes que el az\u00facar y la panela. Pero tambi\u00e9n es un ingrediente vers\u00e1til en las cocinas.Usalo para endulzar tus caf\u00e9s o infusiones, para carnes y pescados al horno, en frituras o tempuras. Combina muy bien con las ensaladas, frutas \u00e1cidas y l\u00e1cteos. Perfecto para crear salsas (barbacoa, teriyaki, kabayaki, vinagreta,\u2026), imprescindible en los dulces tradicionales y reposter\u00eda moderna.\" \/>\n<meta name=\"robots\" content=\"index, follow, max-snippet:-1, max-image-preview:large, max-video-preview:-1\" \/>\n<link rel=\"canonical\" href=\"https:\/\/mieldelatorre.com\/en\/product\/caramelos-100g\/\" \/>\n<meta property=\"og:locale\" content=\"en_GB\" \/>\n<meta property=\"og:type\" content=\"article\" \/>\n<meta property=\"og:title\" content=\"CARAMELOS 100 g - MIEL DE CA\u00d1A DE FRIGILIANA PRODUCTO NATURAL\" \/>\n<meta property=\"og:description\" content=\"Su sabor dulce y textura melosa convierten este producto en una miel vegana, 100% natural. Es un endulzante natural con menos calor\u00edas y m\u00e1s nutrientes que el az\u00facar y la panela. Pero tambi\u00e9n es un ingrediente vers\u00e1til en las cocinas.Usalo para endulzar tus caf\u00e9s o infusiones, para carnes y pescados al horno, en frituras o tempuras. Combina muy bien con las ensaladas, frutas \u00e1cidas y l\u00e1cteos. Perfecto para crear salsas (barbacoa, teriyaki, kabayaki, vinagreta,\u2026), imprescindible en los dulces tradicionales y reposter\u00eda moderna.\" \/>\n<meta property=\"og:url\" content=\"https:\/\/mieldelatorre.com\/en\/product\/caramelos-100g\/\" \/>\n<meta property=\"og:site_name\" content=\"MIEL DE CA\u00d1A DE FRIGILIANA PRODUCTO NATURAL\" \/>\n<meta property=\"article:publisher\" content=\"https:\/\/www.facebook.com\/mieldelatorre\" \/>\n<meta property=\"article:modified_time\" content=\"2025-12-29T16:02:33+00:00\" \/>\n<meta property=\"og:image\" content=\"https:\/\/mieldelatorre.com\/wp-content\/uploads\/2021\/04\/caramelos-nueva-web-1.webp\" \/>\n\t<meta property=\"og:image:width\" content=\"800\" \/>\n\t<meta property=\"og:image:height\" content=\"800\" \/>\n\t<meta property=\"og:image:type\" content=\"image\/webp\" \/>\n<meta name=\"twitter:card\" content=\"summary_large_image\" \/>\n<meta name=\"twitter:label1\" content=\"Estimated reading time\" \/>\n\t<meta name=\"twitter:data1\" content=\"1 minute\" \/>\n<script type=\"application\/ld+json\" class=\"yoast-schema-graph\">{\"@context\":\"https:\/\/schema.org\",\"@graph\":[{\"@type\":\"WebPage\",\"@id\":\"https:\/\/mieldelatorre.com\/producto\/caramelos-100g\/\",\"url\":\"https:\/\/mieldelatorre.com\/producto\/caramelos-100g\/\",\"name\":\"CARAMELOS 100 g - MIEL DE CA\u00d1A DE FRIGILIANA PRODUCTO NATURAL\",\"isPartOf\":{\"@id\":\"https:\/\/mieldelatorre.com\/#website\"},\"primaryImageOfPage\":{\"@id\":\"https:\/\/mieldelatorre.com\/producto\/caramelos-100g\/#primaryimage\"},\"image\":{\"@id\":\"https:\/\/mieldelatorre.com\/producto\/caramelos-100g\/#primaryimage\"},\"thumbnailUrl\":\"https:\/\/mieldelatorre.com\/wp-content\/uploads\/2021\/04\/caramelos-nueva-web-1.webp\",\"datePublished\":\"2021-04-25T15:38:29+00:00\",\"dateModified\":\"2025-12-29T16:02:33+00:00\",\"description\":\"Su sabor dulce y textura melosa convierten este producto en una miel vegana, 100% natural. Es un endulzante natural con menos calor\u00edas y m\u00e1s nutrientes que el az\u00facar y la panela. Pero tambi\u00e9n es un ingrediente vers\u00e1til en las cocinas.Usalo para endulzar tus caf\u00e9s o infusiones, para carnes y pescados al horno, en frituras o tempuras. Combina muy bien con las ensaladas, frutas \u00e1cidas y l\u00e1cteos. Perfecto para crear salsas (barbacoa, teriyaki, kabayaki, vinagreta,\u2026), imprescindible en los dulces tradicionales y reposter\u00eda moderna.\",\"breadcrumb\":{\"@id\":\"https:\/\/mieldelatorre.com\/producto\/caramelos-100g\/#breadcrumb\"},\"inLanguage\":\"en-GB\",\"potentialAction\":[{\"@type\":\"ReadAction\",\"target\":[\"https:\/\/mieldelatorre.com\/producto\/caramelos-100g\/\"]}]},{\"@type\":\"ImageObject\",\"inLanguage\":\"en-GB\",\"@id\":\"https:\/\/mieldelatorre.com\/producto\/caramelos-100g\/#primaryimage\",\"url\":\"https:\/\/mieldelatorre.com\/wp-content\/uploads\/2021\/04\/caramelos-nueva-web-1.webp\",\"contentUrl\":\"https:\/\/mieldelatorre.com\/wp-content\/uploads\/2021\/04\/caramelos-nueva-web-1.webp\",\"width\":800,\"height\":800},{\"@type\":\"BreadcrumbList\",\"@id\":\"https:\/\/mieldelatorre.com\/producto\/caramelos-100g\/#breadcrumb\",\"itemListElement\":[{\"@type\":\"ListItem\",\"position\":1,\"name\":\"Portada\",\"item\":\"https:\/\/mieldelatorre.com\/\"},{\"@type\":\"ListItem\",\"position\":2,\"name\":\"Tienda\",\"item\":\"https:\/\/mieldelatorre.com\/tienda\/\"},{\"@type\":\"ListItem\",\"position\":3,\"name\":\"CARAMELOS 100 g\"}]},{\"@type\":\"WebSite\",\"@id\":\"https:\/\/mieldelatorre.com\/#website\",\"url\":\"https:\/\/mieldelatorre.com\/\",\"name\":\"miel de ca\u00f1a de la torre\",\"description\":\"El Ingenio Nuestra Se\u00f1ora del Carmen elabora desde 1725 la miel de ca\u00f1a Frigiliana, producto natural rico en vitaminas y minerales\",\"publisher\":{\"@id\":\"https:\/\/mieldelatorre.com\/#organization\"},\"potentialAction\":[{\"@type\":\"SearchAction\",\"target\":{\"@type\":\"EntryPoint\",\"urlTemplate\":\"https:\/\/mieldelatorre.com\/?s={search_term_string}\"},\"query-input\":{\"@type\":\"PropertyValueSpecification\",\"valueRequired\":true,\"valueName\":\"search_term_string\"}}],\"inLanguage\":\"en-GB\"},{\"@type\":\"Organization\",\"@id\":\"https:\/\/mieldelatorre.com\/#organization\",\"name\":\"De La Torre S.L. miel de ca\u00f1a\",\"url\":\"https:\/\/mieldelatorre.com\/\",\"logo\":{\"@type\":\"ImageObject\",\"inLanguage\":\"en-GB\",\"@id\":\"https:\/\/mieldelatorre.com\/#\/schema\/logo\/image\/\",\"url\":\"\",\"contentUrl\":\"\",\"caption\":\"De La Torre S.L. miel de ca\u00f1a\"},\"image\":{\"@id\":\"https:\/\/mieldelatorre.com\/#\/schema\/logo\/image\/\"},\"sameAs\":[\"https:\/\/www.facebook.com\/mieldelatorre\",\"https:\/\/www.instagram.com\/ingenio_nra_sra_del_carmen\/\",\"https:\/\/www.youtube.com\/channel\/UCBi3fBnBWX9RaxeqMhjQ_JQ\"]}]}<\/script>\n<!-- \/ Yoast SEO plugin. -->","yoast_head_json":{"title":"CARAMELOS 100 g - MIEL DE CA\u00d1A DE FRIGILIANA PRODUCTO NATURAL","description":"Su sabor dulce y textura melosa convierten este producto en una miel vegana, 100% natural. Es un endulzante natural con menos calor\u00edas y m\u00e1s nutrientes que el az\u00facar y la panela. Pero tambi\u00e9n es un ingrediente vers\u00e1til en las cocinas.Usalo para endulzar tus caf\u00e9s o infusiones, para carnes y pescados al horno, en frituras o tempuras. Combina muy bien con las ensaladas, frutas \u00e1cidas y l\u00e1cteos. Perfecto para crear salsas (barbacoa, teriyaki, kabayaki, vinagreta,\u2026), imprescindible en los dulces tradicionales y reposter\u00eda moderna.","robots":{"index":"index","follow":"follow","max-snippet":"max-snippet:-1","max-image-preview":"max-image-preview:large","max-video-preview":"max-video-preview:-1"},"canonical":"https:\/\/mieldelatorre.com\/en\/product\/caramelos-100g\/","og_locale":"en_GB","og_type":"article","og_title":"CARAMELOS 100 g - MIEL DE CA\u00d1A DE FRIGILIANA PRODUCTO NATURAL","og_description":"Su sabor dulce y textura melosa convierten este producto en una miel vegana, 100% natural. Es un endulzante natural con menos calor\u00edas y m\u00e1s nutrientes que el az\u00facar y la panela. Pero tambi\u00e9n es un ingrediente vers\u00e1til en las cocinas.Usalo para endulzar tus caf\u00e9s o infusiones, para carnes y pescados al horno, en frituras o tempuras. Combina muy bien con las ensaladas, frutas \u00e1cidas y l\u00e1cteos. Perfecto para crear salsas (barbacoa, teriyaki, kabayaki, vinagreta,\u2026), imprescindible en los dulces tradicionales y reposter\u00eda moderna.","og_url":"https:\/\/mieldelatorre.com\/en\/product\/caramelos-100g\/","og_site_name":"MIEL DE CA\u00d1A DE FRIGILIANA PRODUCTO NATURAL","article_publisher":"https:\/\/www.facebook.com\/mieldelatorre","article_modified_time":"2025-12-29T16:02:33+00:00","og_image":[{"width":800,"height":800,"url":"https:\/\/mieldelatorre.com\/wp-content\/uploads\/2021\/04\/caramelos-nueva-web-1.webp","type":"image\/webp"}],"twitter_card":"summary_large_image","twitter_misc":{"Estimated reading time":"1 minute"},"schema":{"@context":"https:\/\/schema.org","@graph":[{"@type":"WebPage","@id":"https:\/\/mieldelatorre.com\/producto\/caramelos-100g\/","url":"https:\/\/mieldelatorre.com\/producto\/caramelos-100g\/","name":"CARAMELOS 100 g - MIEL DE CA\u00d1A DE FRIGILIANA PRODUCTO NATURAL","isPartOf":{"@id":"https:\/\/mieldelatorre.com\/#website"},"primaryImageOfPage":{"@id":"https:\/\/mieldelatorre.com\/producto\/caramelos-100g\/#primaryimage"},"image":{"@id":"https:\/\/mieldelatorre.com\/producto\/caramelos-100g\/#primaryimage"},"thumbnailUrl":"https:\/\/mieldelatorre.com\/wp-content\/uploads\/2021\/04\/caramelos-nueva-web-1.webp","datePublished":"2021-04-25T15:38:29+00:00","dateModified":"2025-12-29T16:02:33+00:00","description":"Su sabor dulce y textura melosa convierten este producto en una miel vegana, 100% natural. Es un endulzante natural con menos calor\u00edas y m\u00e1s nutrientes que el az\u00facar y la panela. Pero tambi\u00e9n es un ingrediente vers\u00e1til en las cocinas.Usalo para endulzar tus caf\u00e9s o infusiones, para carnes y pescados al horno, en frituras o tempuras. Combina muy bien con las ensaladas, frutas \u00e1cidas y l\u00e1cteos. Perfecto para crear salsas (barbacoa, teriyaki, kabayaki, vinagreta,\u2026), imprescindible en los dulces tradicionales y reposter\u00eda moderna.","breadcrumb":{"@id":"https:\/\/mieldelatorre.com\/producto\/caramelos-100g\/#breadcrumb"},"inLanguage":"en-GB","potentialAction":[{"@type":"ReadAction","target":["https:\/\/mieldelatorre.com\/producto\/caramelos-100g\/"]}]},{"@type":"ImageObject","inLanguage":"en-GB","@id":"https:\/\/mieldelatorre.com\/producto\/caramelos-100g\/#primaryimage","url":"https:\/\/mieldelatorre.com\/wp-content\/uploads\/2021\/04\/caramelos-nueva-web-1.webp","contentUrl":"https:\/\/mieldelatorre.com\/wp-content\/uploads\/2021\/04\/caramelos-nueva-web-1.webp","width":800,"height":800},{"@type":"BreadcrumbList","@id":"https:\/\/mieldelatorre.com\/producto\/caramelos-100g\/#breadcrumb","itemListElement":[{"@type":"ListItem","position":1,"name":"Portada","item":"https:\/\/mieldelatorre.com\/"},{"@type":"ListItem","position":2,"name":"Tienda","item":"https:\/\/mieldelatorre.com\/tienda\/"},{"@type":"ListItem","position":3,"name":"CARAMELOS 100 g"}]},{"@type":"WebSite","@id":"https:\/\/mieldelatorre.com\/#website","url":"https:\/\/mieldelatorre.com\/","name":"miel de ca\u00f1a de la torre","description":"El Ingenio Nuestra Se\u00f1ora del Carmen elabora desde 1725 la miel de ca\u00f1a Frigiliana, producto natural rico en vitaminas y minerales","publisher":{"@id":"https:\/\/mieldelatorre.com\/#organization"},"potentialAction":[{"@type":"SearchAction","target":{"@type":"EntryPoint","urlTemplate":"https:\/\/mieldelatorre.com\/?s={search_term_string}"},"query-input":{"@type":"PropertyValueSpecification","valueRequired":true,"valueName":"search_term_string"}}],"inLanguage":"en-GB"},{"@type":"Organization","@id":"https:\/\/mieldelatorre.com\/#organization","name":"De La Torre S.L. miel de ca\u00f1a","url":"https:\/\/mieldelatorre.com\/","logo":{"@type":"ImageObject","inLanguage":"en-GB","@id":"https:\/\/mieldelatorre.com\/#\/schema\/logo\/image\/","url":"","contentUrl":"","caption":"De La Torre S.L. miel de ca\u00f1a"},"image":{"@id":"https:\/\/mieldelatorre.com\/#\/schema\/logo\/image\/"},"sameAs":["https:\/\/www.facebook.com\/mieldelatorre","https:\/\/www.instagram.com\/ingenio_nra_sra_del_carmen\/","https:\/\/www.youtube.com\/channel\/UCBi3fBnBWX9RaxeqMhjQ_JQ"]}]}},"_links":{"self":[{"href":"https:\/\/mieldelatorre.com\/en\/wp-json\/wp\/v2\/product\/3988","targetHints":{"allow":["GET"]}}],"collection":[{"href":"https:\/\/mieldelatorre.com\/en\/wp-json\/wp\/v2\/product"}],"about":[{"href":"https:\/\/mieldelatorre.com\/en\/wp-json\/wp\/v2\/types\/product"}],"replies":[{"embeddable":true,"href":"https:\/\/mieldelatorre.com\/en\/wp-json\/wp\/v2\/comments?post=3988"}],"version-history":[{"count":6,"href":"https:\/\/mieldelatorre.com\/en\/wp-json\/wp\/v2\/product\/3988\/revisions"}],"predecessor-version":[{"id":4684,"href":"https:\/\/mieldelatorre.com\/en\/wp-json\/wp\/v2\/product\/3988\/revisions\/4684"}],"wp:featuredmedia":[{"embeddable":true,"href":"https:\/\/mieldelatorre.com\/en\/wp-json\/wp\/v2\/media\/12204"}],"wp:attachment":[{"href":"https:\/\/mieldelatorre.com\/en\/wp-json\/wp\/v2\/media?parent=3988"}],"wp:term":[{"taxonomy":"product_brand","embeddable":true,"href":"https:\/\/mieldelatorre.com\/en\/wp-json\/wp\/v2\/product_brand?post=3988"},{"taxonomy":"product_cat","embeddable":true,"href":"https:\/\/mieldelatorre.com\/en\/wp-json\/wp\/v2\/product_cat?post=3988"},{"taxonomy":"product_tag","embeddable":true,"href":"https:\/\/mieldelatorre.com\/en\/wp-json\/wp\/v2\/product_tag?post=3988"}],"curies":[{"name":"wp","href":"https:\/\/api.w.org\/{rel}","templated":true}]}}