
{"id":12230,"date":"2025-11-11T13:37:19","date_gmt":"2025-11-11T12:37:19","guid":{"rendered":"https:\/\/mieldelatorre.com\/?post_type=product&#038;p=12230"},"modified":"2026-01-23T19:56:45","modified_gmt":"2026-01-23T18:56:45","slug":"bote-de-125g-89-ml","status":"publish","type":"product","link":"https:\/\/mieldelatorre.com\/en\/product\/bote-de-125g-89-ml\/","title":{"rendered":"JAR 125 g \/ 89 ml"},"content":{"rendered":"<div data-elementor-type=\"product-post\" data-elementor-id=\"12230\" class=\"elementor elementor-12230\">\n\t\t\t\t\t\t<section class=\"elementor-section elementor-top-section elementor-element elementor-element-45a3780e elementor-section-boxed elementor-section-height-default elementor-section-height-default parallax_section_no qode_elementor_container_no\" data-id=\"45a3780e\" data-element_type=\"section\" data-e-type=\"section\">\n\t\t\t\t\t\t<div class=\"elementor-container elementor-column-gap-default\">\n\t\t\t\t\t<div class=\"elementor-column elementor-col-100 elementor-top-column elementor-element elementor-element-20e31f23\" data-id=\"20e31f23\" data-element_type=\"column\" data-e-type=\"column\">\n\t\t\t<div class=\"elementor-widget-wrap elementor-element-populated\">\n\t\t\t\t\t\t<div class=\"elementor-element elementor-element-4fa923c7 elementor-widget elementor-widget-text-editor\" data-id=\"4fa923c7\" data-element_type=\"widget\" data-e-type=\"widget\" data-widget_type=\"text-editor.default\">\n\t\t\t\t<div class=\"elementor-widget-container\">\n\t\t\t\t\t\t\t\t\t<p><span style=\"font-size: 14pt;\"><span style=\"font-family: gill-sans-mt;\">Tres siglos elaborando la misma receta ancestral. Endulzante natural perfecto para el caf\u00e9, infusiones o frutas \u00e1cidas (con menos calor\u00edas que los az\u00facares y m\u00e1s nutrientes). Combina muy bien en frituras, tempuras y l\u00e1cteos. Es perfecta para enriquecer ensaladas, car<\/span>nes o pescados. Aporta un toque diferenciador a las salsas (vinagreta, barbacoa, teriyaki, mostaza dulce\u2026). Ingrediente esencial en reposter\u00eda tradicional y moderna<\/span><\/p>\t\t\t\t\t\t\t\t<\/div>\n\t\t\t\t<\/div>\n\t\t\t\t\t<\/div>\n\t\t<\/div>\n\t\t\t\t\t<\/div>\n\t\t<\/section>\n\t\t\t\t<section class=\"elementor-section elementor-top-section elementor-element elementor-element-ec83822 elementor-section-boxed elementor-section-height-default elementor-section-height-default parallax_section_no qode_elementor_container_no\" data-id=\"ec83822\" data-element_type=\"section\" data-e-type=\"section\">\n\t\t\t\t\t\t<div class=\"elementor-container elementor-column-gap-default\">\n\t\t\t\t\t<div class=\"elementor-column elementor-col-100 elementor-top-column elementor-element elementor-element-a5a09e9\" data-id=\"a5a09e9\" data-element_type=\"column\" data-e-type=\"column\">\n\t\t\t<div class=\"elementor-widget-wrap elementor-element-populated\">\n\t\t\t\t\t\t<div class=\"elementor-element elementor-element-113f16d elementor-widget elementor-widget-image\" data-id=\"113f16d\" data-element_type=\"widget\" data-e-type=\"widget\" data-widget_type=\"image.default\">\n\t\t\t\t<div class=\"elementor-widget-container\">\n\t\t\t\t\t\t\t\t\t\t\t\t\t\t\t<img decoding=\"async\" src=\"https:\/\/mieldelatorre.com\/wp-content\/uploads\/2020\/09\/021Recurso-16.png\" title=\"\" alt=\"\" loading=\"lazy\" \/>\t\t\t\t\t\t\t\t\t\t\t\t\t\t\t<\/div>\n\t\t\t\t<\/div>\n\t\t\t\t\t<\/div>\n\t\t<\/div>\n\t\t\t\t\t<\/div>\n\t\t<\/section>\n\t\t\t\t<section class=\"elementor-section elementor-top-section elementor-element elementor-element-854bdb9 elementor-section-boxed elementor-section-height-default elementor-section-height-default parallax_section_no qode_elementor_container_no\" data-id=\"854bdb9\" data-element_type=\"section\" data-e-type=\"section\">\n\t\t\t\t\t\t<div class=\"elementor-container elementor-column-gap-default\">\n\t\t\t\t\t<div class=\"elementor-column elementor-col-100 elementor-top-column elementor-element elementor-element-f9105db\" data-id=\"f9105db\" data-element_type=\"column\" data-e-type=\"column\">\n\t\t\t<div class=\"elementor-widget-wrap\">\n\t\t\t\t\t\t\t<\/div>\n\t\t<\/div>\n\t\t\t\t\t<\/div>\n\t\t<\/section>\n\t\t\t\t<\/div>","protected":false},"excerpt":{"rendered":"<p style=\"text-align: justify; font-family: gill-sans-mt;\">125 g \/ 89 ml glass jar (net weight) of concentrated sugarcane juice traditionally known as \u00abMIELDECA\u00d1A\u00bb from Frigiliana. <span style=\"font-family: melk;\"><strong>\u00abMIELDECA\u00d1A\u00bb<\/strong><\/span> from Frigiliana.<\/p>\n<p>&nbsp;<\/p>\n<p style=\"text-align: justify; font-family: gill-sans-mt;\"><span style=\"color: #301e16;\">Its sweet flavor and honeyed texture make this product a 100% natural vegan honey. It is a natural sweetener with fewer calories and more nutrients than sugar and brown sugar. But it is also a versatile ingredient in kitchens.<\/span><\/p>\n<p>&nbsp;<\/p>\n<p><span style=\"font-family: gill-sans-mt;\">We have been cutting sugar cane for over 300 years, extracting its juice and cooking it using our traditional ancestral recipe to create concentrated sugarcane juice (Andalusian sugarcane molasses). Rich in vitamins and minerals, its ideal with fried aubergines, dairy products, meats and as a natural sweetener  to create sauces.\u00a0<\/span><\/p>\n<p>&nbsp;<\/p>\n<p style=\"text-align: justify; font-family: gill-sans-mt;\">Use it to sweeten your coffees or infusions, for baked meats and fish, on fried foods or tempuras. It goes very well with salads, acidic fruits and dairy products. It is perfect for creating sauces (barbecue, teriyaki, kabayaki, vinaigrette,...) and as a sweetener in traditional and modern pastries.<\/p>\n<p>&nbsp;<\/p>\n<p style=\"font-family: gill-sans-mt;\"><span style=\"color: #301e16;\"><strong><span style=\"font-family: melk; color: #5a3728;\">INGREDIENTS:<\/span> <\/strong>concentrated sugarcane juice and acidulant (citric acid).<\/span><\/p>\n<p>&nbsp;<\/p>\n<p><img decoding=\"async\" class=\"alignnone wp-image-4655\" src=\"https:\/\/mieldelatorre.com\/wp-content\/uploads\/2021\/04\/022Recurso-17-1.png\" alt=\"\" width=\"83\" height=\"41\" \/><\/p>","protected":false},"featured_media":12235,"comment_status":"open","ping_status":"closed","template":"","meta":{"inline_featured_image":false,"_exactmetrics_skip_tracking":false,"_exactmetrics_sitenote_active":false,"_exactmetrics_sitenote_note":"","_exactmetrics_sitenote_category":0},"product_brand":[],"product_cat":[22],"product_tag":[],"class_list":{"0":"post-12230","1":"product","2":"type-product","3":"status-publish","4":"has-post-thumbnail","6":"product_cat-uncategorised","8":"first","9":"instock","10":"featured","11":"shipping-taxable","12":"purchasable","13":"product-type-simple"},"yoast_head":"<!-- This site is optimized with the Yoast SEO plugin v26.9 - https:\/\/yoast.com\/product\/yoast-seo-wordpress\/ -->\n<title>BOTE 125 g \/ 89 ml - MIEL DE CA\u00d1A DE FRIGILIANA PRODUCTO NATURAL<\/title>\n<meta name=\"description\" content=\"Su sabor dulce y textura melosa convierten este producto en una miel vegana, 100% natural. Es un endulzante natural con menos calor\u00edas y m\u00e1s nutrientes que el az\u00facar y la panela. Pero tambi\u00e9n es un ingrediente vers\u00e1til en las cocinas.Usalo para endulzar tus caf\u00e9s o infusiones, para carnes y pescados al horno, en frituras o tempuras. Combina muy bien con las ensaladas, frutas \u00e1cidas y l\u00e1cteos. Perfecto para crear salsas (barbacoa, teriyaki, kabayaki, vinagreta,\u2026), imprescindible en los dulces tradicionales y reposter\u00eda moderna.\" \/>\n<meta name=\"robots\" content=\"index, follow, max-snippet:-1, max-image-preview:large, max-video-preview:-1\" \/>\n<link rel=\"canonical\" href=\"https:\/\/mieldelatorre.com\/en\/product\/bote-de-125g-89-ml\/\" \/>\n<meta property=\"og:locale\" content=\"en_GB\" \/>\n<meta property=\"og:type\" content=\"article\" \/>\n<meta property=\"og:title\" content=\"BOTE 125 g \/ 89 ml - MIEL DE CA\u00d1A DE FRIGILIANA PRODUCTO NATURAL\" \/>\n<meta property=\"og:description\" content=\"Su sabor dulce y textura melosa convierten este producto en una miel vegana, 100% natural. Es un endulzante natural con menos calor\u00edas y m\u00e1s nutrientes que el az\u00facar y la panela. Pero tambi\u00e9n es un ingrediente vers\u00e1til en las cocinas.Usalo para endulzar tus caf\u00e9s o infusiones, para carnes y pescados al horno, en frituras o tempuras. Combina muy bien con las ensaladas, frutas \u00e1cidas y l\u00e1cteos. Perfecto para crear salsas (barbacoa, teriyaki, kabayaki, vinagreta,\u2026), imprescindible en los dulces tradicionales y reposter\u00eda moderna.\" \/>\n<meta property=\"og:url\" content=\"https:\/\/mieldelatorre.com\/en\/product\/bote-de-125g-89-ml\/\" \/>\n<meta property=\"og:site_name\" content=\"MIEL DE CA\u00d1A DE FRIGILIANA PRODUCTO NATURAL\" \/>\n<meta property=\"article:publisher\" content=\"https:\/\/www.facebook.com\/mieldelatorre\" \/>\n<meta property=\"article:modified_time\" content=\"2026-01-23T18:56:45+00:00\" \/>\n<meta property=\"og:image\" content=\"https:\/\/mieldelatorre.com\/wp-content\/uploads\/2025\/11\/BOTE-89-ml-01-1.webp\" \/>\n\t<meta property=\"og:image:width\" content=\"800\" \/>\n\t<meta property=\"og:image:height\" content=\"800\" \/>\n\t<meta property=\"og:image:type\" content=\"image\/webp\" \/>\n<meta name=\"twitter:card\" content=\"summary_large_image\" \/>\n<meta name=\"twitter:label1\" content=\"Estimated reading time\" \/>\n\t<meta name=\"twitter:data1\" content=\"1 minute\" \/>\n<script type=\"application\/ld+json\" class=\"yoast-schema-graph\">{\"@context\":\"https:\/\/schema.org\",\"@graph\":[{\"@type\":\"WebPage\",\"@id\":\"https:\/\/mieldelatorre.com\/producto\/bote-de-125g-89-ml\/\",\"url\":\"https:\/\/mieldelatorre.com\/producto\/bote-de-125g-89-ml\/\",\"name\":\"BOTE 125 g \/ 89 ml - MIEL DE CA\u00d1A DE FRIGILIANA PRODUCTO NATURAL\",\"isPartOf\":{\"@id\":\"https:\/\/mieldelatorre.com\/#website\"},\"primaryImageOfPage\":{\"@id\":\"https:\/\/mieldelatorre.com\/producto\/bote-de-125g-89-ml\/#primaryimage\"},\"image\":{\"@id\":\"https:\/\/mieldelatorre.com\/producto\/bote-de-125g-89-ml\/#primaryimage\"},\"thumbnailUrl\":\"https:\/\/mieldelatorre.com\/wp-content\/uploads\/2025\/11\/BOTE-89-ml-01-1.webp\",\"datePublished\":\"2025-11-11T12:37:19+00:00\",\"dateModified\":\"2026-01-23T18:56:45+00:00\",\"description\":\"Su sabor dulce y textura melosa convierten este producto en una miel vegana, 100% natural. Es un endulzante natural con menos calor\u00edas y m\u00e1s nutrientes que el az\u00facar y la panela. Pero tambi\u00e9n es un ingrediente vers\u00e1til en las cocinas.Usalo para endulzar tus caf\u00e9s o infusiones, para carnes y pescados al horno, en frituras o tempuras. Combina muy bien con las ensaladas, frutas \u00e1cidas y l\u00e1cteos. Perfecto para crear salsas (barbacoa, teriyaki, kabayaki, vinagreta,\u2026), imprescindible en los dulces tradicionales y reposter\u00eda moderna.\",\"breadcrumb\":{\"@id\":\"https:\/\/mieldelatorre.com\/producto\/bote-de-125g-89-ml\/#breadcrumb\"},\"inLanguage\":\"en-GB\",\"potentialAction\":[{\"@type\":\"ReadAction\",\"target\":[\"https:\/\/mieldelatorre.com\/producto\/bote-de-125g-89-ml\/\"]}]},{\"@type\":\"ImageObject\",\"inLanguage\":\"en-GB\",\"@id\":\"https:\/\/mieldelatorre.com\/producto\/bote-de-125g-89-ml\/#primaryimage\",\"url\":\"https:\/\/mieldelatorre.com\/wp-content\/uploads\/2025\/11\/BOTE-89-ml-01-1.webp\",\"contentUrl\":\"https:\/\/mieldelatorre.com\/wp-content\/uploads\/2025\/11\/BOTE-89-ml-01-1.webp\",\"width\":800,\"height\":800},{\"@type\":\"BreadcrumbList\",\"@id\":\"https:\/\/mieldelatorre.com\/producto\/bote-de-125g-89-ml\/#breadcrumb\",\"itemListElement\":[{\"@type\":\"ListItem\",\"position\":1,\"name\":\"Portada\",\"item\":\"https:\/\/mieldelatorre.com\/\"},{\"@type\":\"ListItem\",\"position\":2,\"name\":\"Tienda\",\"item\":\"https:\/\/mieldelatorre.com\/tienda\/\"},{\"@type\":\"ListItem\",\"position\":3,\"name\":\"BOTE 125 g \/ 89 ml\"}]},{\"@type\":\"WebSite\",\"@id\":\"https:\/\/mieldelatorre.com\/#website\",\"url\":\"https:\/\/mieldelatorre.com\/\",\"name\":\"miel de ca\u00f1a de la torre\",\"description\":\"El Ingenio Nuestra Se\u00f1ora del Carmen elabora desde 1725 la miel de ca\u00f1a Frigiliana, producto natural rico en vitaminas y minerales\",\"publisher\":{\"@id\":\"https:\/\/mieldelatorre.com\/#organization\"},\"potentialAction\":[{\"@type\":\"SearchAction\",\"target\":{\"@type\":\"EntryPoint\",\"urlTemplate\":\"https:\/\/mieldelatorre.com\/?s={search_term_string}\"},\"query-input\":{\"@type\":\"PropertyValueSpecification\",\"valueRequired\":true,\"valueName\":\"search_term_string\"}}],\"inLanguage\":\"en-GB\"},{\"@type\":\"Organization\",\"@id\":\"https:\/\/mieldelatorre.com\/#organization\",\"name\":\"De La Torre S.L. miel de ca\u00f1a\",\"url\":\"https:\/\/mieldelatorre.com\/\",\"logo\":{\"@type\":\"ImageObject\",\"inLanguage\":\"en-GB\",\"@id\":\"https:\/\/mieldelatorre.com\/#\/schema\/logo\/image\/\",\"url\":\"\",\"contentUrl\":\"\",\"caption\":\"De La Torre S.L. miel de ca\u00f1a\"},\"image\":{\"@id\":\"https:\/\/mieldelatorre.com\/#\/schema\/logo\/image\/\"},\"sameAs\":[\"https:\/\/www.facebook.com\/mieldelatorre\",\"https:\/\/www.instagram.com\/ingenio_nra_sra_del_carmen\/\",\"https:\/\/www.youtube.com\/channel\/UCBi3fBnBWX9RaxeqMhjQ_JQ\"]}]}<\/script>\n<!-- \/ Yoast SEO plugin. -->","yoast_head_json":{"title":"BOTE 125 g \/ 89 ml - MIEL DE CA\u00d1A DE FRIGILIANA PRODUCTO NATURAL","description":"Su sabor dulce y textura melosa convierten este producto en una miel vegana, 100% natural. Es un endulzante natural con menos calor\u00edas y m\u00e1s nutrientes que el az\u00facar y la panela. Pero tambi\u00e9n es un ingrediente vers\u00e1til en las cocinas.Usalo para endulzar tus caf\u00e9s o infusiones, para carnes y pescados al horno, en frituras o tempuras. Combina muy bien con las ensaladas, frutas \u00e1cidas y l\u00e1cteos. Perfecto para crear salsas (barbacoa, teriyaki, kabayaki, vinagreta,\u2026), imprescindible en los dulces tradicionales y reposter\u00eda moderna.","robots":{"index":"index","follow":"follow","max-snippet":"max-snippet:-1","max-image-preview":"max-image-preview:large","max-video-preview":"max-video-preview:-1"},"canonical":"https:\/\/mieldelatorre.com\/en\/product\/bote-de-125g-89-ml\/","og_locale":"en_GB","og_type":"article","og_title":"BOTE 125 g \/ 89 ml - MIEL DE CA\u00d1A DE FRIGILIANA PRODUCTO NATURAL","og_description":"Su sabor dulce y textura melosa convierten este producto en una miel vegana, 100% natural. Es un endulzante natural con menos calor\u00edas y m\u00e1s nutrientes que el az\u00facar y la panela. Pero tambi\u00e9n es un ingrediente vers\u00e1til en las cocinas.Usalo para endulzar tus caf\u00e9s o infusiones, para carnes y pescados al horno, en frituras o tempuras. Combina muy bien con las ensaladas, frutas \u00e1cidas y l\u00e1cteos. Perfecto para crear salsas (barbacoa, teriyaki, kabayaki, vinagreta,\u2026), imprescindible en los dulces tradicionales y reposter\u00eda moderna.","og_url":"https:\/\/mieldelatorre.com\/en\/product\/bote-de-125g-89-ml\/","og_site_name":"MIEL DE CA\u00d1A DE FRIGILIANA PRODUCTO NATURAL","article_publisher":"https:\/\/www.facebook.com\/mieldelatorre","article_modified_time":"2026-01-23T18:56:45+00:00","og_image":[{"width":800,"height":800,"url":"https:\/\/mieldelatorre.com\/wp-content\/uploads\/2025\/11\/BOTE-89-ml-01-1.webp","type":"image\/webp"}],"twitter_card":"summary_large_image","twitter_misc":{"Estimated reading time":"1 minute"},"schema":{"@context":"https:\/\/schema.org","@graph":[{"@type":"WebPage","@id":"https:\/\/mieldelatorre.com\/producto\/bote-de-125g-89-ml\/","url":"https:\/\/mieldelatorre.com\/producto\/bote-de-125g-89-ml\/","name":"BOTE 125 g \/ 89 ml - MIEL DE CA\u00d1A DE FRIGILIANA PRODUCTO NATURAL","isPartOf":{"@id":"https:\/\/mieldelatorre.com\/#website"},"primaryImageOfPage":{"@id":"https:\/\/mieldelatorre.com\/producto\/bote-de-125g-89-ml\/#primaryimage"},"image":{"@id":"https:\/\/mieldelatorre.com\/producto\/bote-de-125g-89-ml\/#primaryimage"},"thumbnailUrl":"https:\/\/mieldelatorre.com\/wp-content\/uploads\/2025\/11\/BOTE-89-ml-01-1.webp","datePublished":"2025-11-11T12:37:19+00:00","dateModified":"2026-01-23T18:56:45+00:00","description":"Su sabor dulce y textura melosa convierten este producto en una miel vegana, 100% natural. Es un endulzante natural con menos calor\u00edas y m\u00e1s nutrientes que el az\u00facar y la panela. Pero tambi\u00e9n es un ingrediente vers\u00e1til en las cocinas.Usalo para endulzar tus caf\u00e9s o infusiones, para carnes y pescados al horno, en frituras o tempuras. Combina muy bien con las ensaladas, frutas \u00e1cidas y l\u00e1cteos. Perfecto para crear salsas (barbacoa, teriyaki, kabayaki, vinagreta,\u2026), imprescindible en los dulces tradicionales y reposter\u00eda moderna.","breadcrumb":{"@id":"https:\/\/mieldelatorre.com\/producto\/bote-de-125g-89-ml\/#breadcrumb"},"inLanguage":"en-GB","potentialAction":[{"@type":"ReadAction","target":["https:\/\/mieldelatorre.com\/producto\/bote-de-125g-89-ml\/"]}]},{"@type":"ImageObject","inLanguage":"en-GB","@id":"https:\/\/mieldelatorre.com\/producto\/bote-de-125g-89-ml\/#primaryimage","url":"https:\/\/mieldelatorre.com\/wp-content\/uploads\/2025\/11\/BOTE-89-ml-01-1.webp","contentUrl":"https:\/\/mieldelatorre.com\/wp-content\/uploads\/2025\/11\/BOTE-89-ml-01-1.webp","width":800,"height":800},{"@type":"BreadcrumbList","@id":"https:\/\/mieldelatorre.com\/producto\/bote-de-125g-89-ml\/#breadcrumb","itemListElement":[{"@type":"ListItem","position":1,"name":"Portada","item":"https:\/\/mieldelatorre.com\/"},{"@type":"ListItem","position":2,"name":"Tienda","item":"https:\/\/mieldelatorre.com\/tienda\/"},{"@type":"ListItem","position":3,"name":"BOTE 125 g \/ 89 ml"}]},{"@type":"WebSite","@id":"https:\/\/mieldelatorre.com\/#website","url":"https:\/\/mieldelatorre.com\/","name":"miel de ca\u00f1a de la torre","description":"El Ingenio Nuestra Se\u00f1ora del Carmen elabora desde 1725 la miel de ca\u00f1a Frigiliana, producto natural rico en vitaminas y minerales","publisher":{"@id":"https:\/\/mieldelatorre.com\/#organization"},"potentialAction":[{"@type":"SearchAction","target":{"@type":"EntryPoint","urlTemplate":"https:\/\/mieldelatorre.com\/?s={search_term_string}"},"query-input":{"@type":"PropertyValueSpecification","valueRequired":true,"valueName":"search_term_string"}}],"inLanguage":"en-GB"},{"@type":"Organization","@id":"https:\/\/mieldelatorre.com\/#organization","name":"De La Torre S.L. miel de ca\u00f1a","url":"https:\/\/mieldelatorre.com\/","logo":{"@type":"ImageObject","inLanguage":"en-GB","@id":"https:\/\/mieldelatorre.com\/#\/schema\/logo\/image\/","url":"","contentUrl":"","caption":"De La Torre S.L. miel de ca\u00f1a"},"image":{"@id":"https:\/\/mieldelatorre.com\/#\/schema\/logo\/image\/"},"sameAs":["https:\/\/www.facebook.com\/mieldelatorre","https:\/\/www.instagram.com\/ingenio_nra_sra_del_carmen\/","https:\/\/www.youtube.com\/channel\/UCBi3fBnBWX9RaxeqMhjQ_JQ"]}]}},"_links":{"self":[{"href":"https:\/\/mieldelatorre.com\/en\/wp-json\/wp\/v2\/product\/12230","targetHints":{"allow":["GET"]}}],"collection":[{"href":"https:\/\/mieldelatorre.com\/en\/wp-json\/wp\/v2\/product"}],"about":[{"href":"https:\/\/mieldelatorre.com\/en\/wp-json\/wp\/v2\/types\/product"}],"replies":[{"embeddable":true,"href":"https:\/\/mieldelatorre.com\/en\/wp-json\/wp\/v2\/comments?post=12230"}],"version-history":[{"count":4,"href":"https:\/\/mieldelatorre.com\/en\/wp-json\/wp\/v2\/product\/12230\/revisions"}],"predecessor-version":[{"id":12239,"href":"https:\/\/mieldelatorre.com\/en\/wp-json\/wp\/v2\/product\/12230\/revisions\/12239"}],"wp:featuredmedia":[{"embeddable":true,"href":"https:\/\/mieldelatorre.com\/en\/wp-json\/wp\/v2\/media\/12235"}],"wp:attachment":[{"href":"https:\/\/mieldelatorre.com\/en\/wp-json\/wp\/v2\/media?parent=12230"}],"wp:term":[{"taxonomy":"product_brand","embeddable":true,"href":"https:\/\/mieldelatorre.com\/en\/wp-json\/wp\/v2\/product_brand?post=12230"},{"taxonomy":"product_cat","embeddable":true,"href":"https:\/\/mieldelatorre.com\/en\/wp-json\/wp\/v2\/product_cat?post=12230"},{"taxonomy":"product_tag","embeddable":true,"href":"https:\/\/mieldelatorre.com\/en\/wp-json\/wp\/v2\/product_tag?post=12230"}],"curies":[{"name":"wp","href":"https:\/\/api.w.org\/{rel}","templated":true}]}}