
{"id":12218,"date":"2025-11-11T13:15:35","date_gmt":"2025-11-11T12:15:35","guid":{"rendered":"https:\/\/mieldelatorre.com\/?post_type=product&#038;p=12218"},"modified":"2026-01-23T19:57:29","modified_gmt":"2026-01-23T18:57:29","slug":"botes-de-89-ml-caja-de-30","status":"publish","type":"product","link":"https:\/\/mieldelatorre.com\/en\/product\/botes-de-89-ml-caja-de-30\/","title":{"rendered":"JARS 125 g \/ 89 ml  (BOX OF 30)"},"content":{"rendered":"<p>&nbsp;<\/p>\n<p>&nbsp;<\/p>","protected":false},"excerpt":{"rendered":"<p style=\"text-align: justify; font-family: gill-sans-mt;\">Display box with 30 glass jars of 89 ml \/ 125 g (net weight) of concentrated sugarcane juice traditionally known as \u00abMIELDECA\u00d1A\u00bb from Frigiliana. <span style=\"font-family: melk;\"><strong>\u00abMIELDECA\u00d1A\u00bb<\/strong><\/span> from Frigiliana.<\/p>\n<p>&nbsp;<\/p>\n<p style=\"text-align: justify; font-family: gill-sans-mt;\"><strong>Display box:<\/strong> includes pre-cut lines that allow you to easily remove the top part and turn it into a ready-to-use display for the point of sale.<\/p>\n<p>&nbsp;<\/p>\n<p style=\"text-align: justify; font-family: gill-sans-mt;\"><span style=\"color: #301e16;\">Its sweet flavor and honeyed texture make this product a 100% natural vegan honey. It is a natural sweetener with fewer calories and more nutrients than sugar and brown sugar. But it is also a versatile ingredient in kitchens.<\/span><\/p>\n<p>&nbsp;<\/p>\n<p><span style=\"font-family: gill-sans-mt;\">We have been cutting sugar cane for over 300 years, extracting its juice and cooking it using our traditional ancestral recipe to create concentrated sugarcane juice (Andalusian sugarcane molasses). Rich in vitamins and minerals, its ideal with fried aubergines, dairy products, meats and as a natural sweetener  to create sauces.\u00a0<\/span><\/p>\n<p>&nbsp;<\/p>\n<p style=\"text-align: justify; font-family: gill-sans-mt;\">Use it to sweeten your coffees or infusions, for baked meats and fish, on fried foods or tempuras. It goes very well with salads, acidic fruits and dairy products. It is perfect for creating sauces (barbecue, teriyaki, kabayaki, vinaigrette,...) and as a sweetener in traditional and modern pastries.<\/p>\n<p>&nbsp;<\/p>\n<p style=\"font-family: gill-sans-mt;\"><span style=\"color: #301e16;\"><strong><span style=\"font-family: melk; color: #5a3728;\">INGREDIENTS:<\/span> <\/strong>concentrated sugarcane juice and acidulant (citric acid).<\/span><\/p>\n<p>&nbsp;<\/p>\n<p><img decoding=\"async\" class=\"alignnone wp-image-4655\" src=\"https:\/\/mieldelatorre.com\/wp-content\/uploads\/2021\/04\/022Recurso-17-1.png\" alt=\"\" width=\"83\" height=\"41\" \/><\/p>","protected":false},"featured_media":12221,"comment_status":"open","ping_status":"closed","template":"","meta":{"inline_featured_image":false,"_exactmetrics_skip_tracking":false,"_exactmetrics_sitenote_active":false,"_exactmetrics_sitenote_note":"","_exactmetrics_sitenote_category":0},"product_brand":[],"product_cat":[22],"product_tag":[],"class_list":{"0":"post-12218","1":"product","2":"type-product","3":"status-publish","4":"has-post-thumbnail","6":"product_cat-uncategorised","8":"first","9":"instock","10":"featured","11":"shipping-taxable","12":"purchasable","13":"product-type-simple"},"yoast_head":"<!-- This site is optimized with the Yoast SEO plugin v26.9 - https:\/\/yoast.com\/product\/yoast-seo-wordpress\/ -->\n<title>BOTES DE 125 g \/ 89 ml (CAJA DE 30) - MIEL DE CA\u00d1A DE FRIGILIANA PRODUCTO NATURAL<\/title>\n<meta name=\"description\" content=\"Su sabor dulce y textura melosa convierten este producto en una miel vegana, 100% natural. Es un endulzante natural con menos calor\u00edas y m\u00e1s nutrientes que el az\u00facar y la panela. Pero tambi\u00e9n es un ingrediente vers\u00e1til en las cocinas.Usalo para endulzar tus caf\u00e9s o infusiones, para carnes y pescados al horno, en frituras o tempuras. Combina muy bien con las ensaladas, frutas \u00e1cidas y l\u00e1cteos. Perfecto para crear salsas (barbacoa, teriyaki, kabayaki, vinagreta,\u2026), imprescindible en los dulces tradicionales y reposter\u00eda moderna.\" \/>\n<meta name=\"robots\" content=\"index, follow, max-snippet:-1, max-image-preview:large, max-video-preview:-1\" \/>\n<link rel=\"canonical\" href=\"https:\/\/mieldelatorre.com\/en\/product\/botes-de-89-ml-caja-de-30\/\" \/>\n<meta property=\"og:locale\" content=\"en_GB\" \/>\n<meta property=\"og:type\" content=\"article\" \/>\n<meta property=\"og:title\" content=\"BOTES DE 125 g \/ 89 ml (CAJA DE 30) - MIEL DE CA\u00d1A DE FRIGILIANA PRODUCTO NATURAL\" \/>\n<meta property=\"og:description\" content=\"Su sabor dulce y textura melosa convierten este producto en una miel vegana, 100% natural. Es un endulzante natural con menos calor\u00edas y m\u00e1s nutrientes que el az\u00facar y la panela. Pero tambi\u00e9n es un ingrediente vers\u00e1til en las cocinas.Usalo para endulzar tus caf\u00e9s o infusiones, para carnes y pescados al horno, en frituras o tempuras. Combina muy bien con las ensaladas, frutas \u00e1cidas y l\u00e1cteos. Perfecto para crear salsas (barbacoa, teriyaki, kabayaki, vinagreta,\u2026), imprescindible en los dulces tradicionales y reposter\u00eda moderna.\" \/>\n<meta property=\"og:url\" content=\"https:\/\/mieldelatorre.com\/en\/product\/botes-de-89-ml-caja-de-30\/\" \/>\n<meta property=\"og:site_name\" content=\"MIEL DE CA\u00d1A DE FRIGILIANA PRODUCTO NATURAL\" \/>\n<meta property=\"article:publisher\" content=\"https:\/\/www.facebook.com\/mieldelatorre\" \/>\n<meta property=\"article:modified_time\" content=\"2026-01-23T18:57:29+00:00\" \/>\n<meta property=\"og:image\" content=\"https:\/\/mieldelatorre.com\/wp-content\/uploads\/2025\/11\/bote-caja-web-89-nuevo-1.webp\" \/>\n\t<meta property=\"og:image:width\" content=\"2000\" \/>\n\t<meta property=\"og:image:height\" content=\"2000\" \/>\n\t<meta property=\"og:image:type\" content=\"image\/webp\" \/>\n<meta name=\"twitter:card\" content=\"summary_large_image\" \/>\n<meta name=\"twitter:label1\" content=\"Estimated reading time\" \/>\n\t<meta name=\"twitter:data1\" content=\"1 minute\" \/>\n<script type=\"application\/ld+json\" class=\"yoast-schema-graph\">{\"@context\":\"https:\/\/schema.org\",\"@graph\":[{\"@type\":\"WebPage\",\"@id\":\"https:\/\/mieldelatorre.com\/producto\/botes-de-89-ml-caja-de-30\/\",\"url\":\"https:\/\/mieldelatorre.com\/producto\/botes-de-89-ml-caja-de-30\/\",\"name\":\"BOTES DE 125 g \/ 89 ml (CAJA DE 30) - MIEL DE CA\u00d1A DE FRIGILIANA PRODUCTO NATURAL\",\"isPartOf\":{\"@id\":\"https:\/\/mieldelatorre.com\/#website\"},\"primaryImageOfPage\":{\"@id\":\"https:\/\/mieldelatorre.com\/producto\/botes-de-89-ml-caja-de-30\/#primaryimage\"},\"image\":{\"@id\":\"https:\/\/mieldelatorre.com\/producto\/botes-de-89-ml-caja-de-30\/#primaryimage\"},\"thumbnailUrl\":\"https:\/\/mieldelatorre.com\/wp-content\/uploads\/2025\/11\/bote-caja-web-89-nuevo-1.webp\",\"datePublished\":\"2025-11-11T12:15:35+00:00\",\"dateModified\":\"2026-01-23T18:57:29+00:00\",\"description\":\"Su sabor dulce y textura melosa convierten este producto en una miel vegana, 100% natural. Es un endulzante natural con menos calor\u00edas y m\u00e1s nutrientes que el az\u00facar y la panela. Pero tambi\u00e9n es un ingrediente vers\u00e1til en las cocinas.Usalo para endulzar tus caf\u00e9s o infusiones, para carnes y pescados al horno, en frituras o tempuras. Combina muy bien con las ensaladas, frutas \u00e1cidas y l\u00e1cteos. Perfecto para crear salsas (barbacoa, teriyaki, kabayaki, vinagreta,\u2026), imprescindible en los dulces tradicionales y reposter\u00eda moderna.\",\"breadcrumb\":{\"@id\":\"https:\/\/mieldelatorre.com\/producto\/botes-de-89-ml-caja-de-30\/#breadcrumb\"},\"inLanguage\":\"en-GB\",\"potentialAction\":[{\"@type\":\"ReadAction\",\"target\":[\"https:\/\/mieldelatorre.com\/producto\/botes-de-89-ml-caja-de-30\/\"]}]},{\"@type\":\"ImageObject\",\"inLanguage\":\"en-GB\",\"@id\":\"https:\/\/mieldelatorre.com\/producto\/botes-de-89-ml-caja-de-30\/#primaryimage\",\"url\":\"https:\/\/mieldelatorre.com\/wp-content\/uploads\/2025\/11\/bote-caja-web-89-nuevo-1.webp\",\"contentUrl\":\"https:\/\/mieldelatorre.com\/wp-content\/uploads\/2025\/11\/bote-caja-web-89-nuevo-1.webp\",\"width\":2000,\"height\":2000},{\"@type\":\"BreadcrumbList\",\"@id\":\"https:\/\/mieldelatorre.com\/producto\/botes-de-89-ml-caja-de-30\/#breadcrumb\",\"itemListElement\":[{\"@type\":\"ListItem\",\"position\":1,\"name\":\"Portada\",\"item\":\"https:\/\/mieldelatorre.com\/\"},{\"@type\":\"ListItem\",\"position\":2,\"name\":\"Tienda\",\"item\":\"https:\/\/mieldelatorre.com\/tienda\/\"},{\"@type\":\"ListItem\",\"position\":3,\"name\":\"BOTES DE 125 g \/ 89 ml (CAJA DE 30)\"}]},{\"@type\":\"WebSite\",\"@id\":\"https:\/\/mieldelatorre.com\/#website\",\"url\":\"https:\/\/mieldelatorre.com\/\",\"name\":\"miel de ca\u00f1a de la torre\",\"description\":\"El Ingenio Nuestra Se\u00f1ora del Carmen elabora desde 1725 la miel de ca\u00f1a Frigiliana, producto natural rico en vitaminas y minerales\",\"publisher\":{\"@id\":\"https:\/\/mieldelatorre.com\/#organization\"},\"potentialAction\":[{\"@type\":\"SearchAction\",\"target\":{\"@type\":\"EntryPoint\",\"urlTemplate\":\"https:\/\/mieldelatorre.com\/?s={search_term_string}\"},\"query-input\":{\"@type\":\"PropertyValueSpecification\",\"valueRequired\":true,\"valueName\":\"search_term_string\"}}],\"inLanguage\":\"en-GB\"},{\"@type\":\"Organization\",\"@id\":\"https:\/\/mieldelatorre.com\/#organization\",\"name\":\"De La Torre S.L. miel de ca\u00f1a\",\"url\":\"https:\/\/mieldelatorre.com\/\",\"logo\":{\"@type\":\"ImageObject\",\"inLanguage\":\"en-GB\",\"@id\":\"https:\/\/mieldelatorre.com\/#\/schema\/logo\/image\/\",\"url\":\"\",\"contentUrl\":\"\",\"caption\":\"De La Torre S.L. miel de ca\u00f1a\"},\"image\":{\"@id\":\"https:\/\/mieldelatorre.com\/#\/schema\/logo\/image\/\"},\"sameAs\":[\"https:\/\/www.facebook.com\/mieldelatorre\",\"https:\/\/www.instagram.com\/ingenio_nra_sra_del_carmen\/\",\"https:\/\/www.youtube.com\/channel\/UCBi3fBnBWX9RaxeqMhjQ_JQ\"]}]}<\/script>\n<!-- \/ Yoast SEO plugin. -->","yoast_head_json":{"title":"BOTES DE 125 g \/ 89 ml (CAJA DE 30) - MIEL DE CA\u00d1A DE FRIGILIANA PRODUCTO NATURAL","description":"Su sabor dulce y textura melosa convierten este producto en una miel vegana, 100% natural. Es un endulzante natural con menos calor\u00edas y m\u00e1s nutrientes que el az\u00facar y la panela. Pero tambi\u00e9n es un ingrediente vers\u00e1til en las cocinas.Usalo para endulzar tus caf\u00e9s o infusiones, para carnes y pescados al horno, en frituras o tempuras. Combina muy bien con las ensaladas, frutas \u00e1cidas y l\u00e1cteos. Perfecto para crear salsas (barbacoa, teriyaki, kabayaki, vinagreta,\u2026), imprescindible en los dulces tradicionales y reposter\u00eda moderna.","robots":{"index":"index","follow":"follow","max-snippet":"max-snippet:-1","max-image-preview":"max-image-preview:large","max-video-preview":"max-video-preview:-1"},"canonical":"https:\/\/mieldelatorre.com\/en\/product\/botes-de-89-ml-caja-de-30\/","og_locale":"en_GB","og_type":"article","og_title":"BOTES DE 125 g \/ 89 ml (CAJA DE 30) - MIEL DE CA\u00d1A DE FRIGILIANA PRODUCTO NATURAL","og_description":"Su sabor dulce y textura melosa convierten este producto en una miel vegana, 100% natural. Es un endulzante natural con menos calor\u00edas y m\u00e1s nutrientes que el az\u00facar y la panela. Pero tambi\u00e9n es un ingrediente vers\u00e1til en las cocinas.Usalo para endulzar tus caf\u00e9s o infusiones, para carnes y pescados al horno, en frituras o tempuras. Combina muy bien con las ensaladas, frutas \u00e1cidas y l\u00e1cteos. Perfecto para crear salsas (barbacoa, teriyaki, kabayaki, vinagreta,\u2026), imprescindible en los dulces tradicionales y reposter\u00eda moderna.","og_url":"https:\/\/mieldelatorre.com\/en\/product\/botes-de-89-ml-caja-de-30\/","og_site_name":"MIEL DE CA\u00d1A DE FRIGILIANA PRODUCTO NATURAL","article_publisher":"https:\/\/www.facebook.com\/mieldelatorre","article_modified_time":"2026-01-23T18:57:29+00:00","og_image":[{"width":2000,"height":2000,"url":"https:\/\/mieldelatorre.com\/wp-content\/uploads\/2025\/11\/bote-caja-web-89-nuevo-1.webp","type":"image\/webp"}],"twitter_card":"summary_large_image","twitter_misc":{"Estimated reading time":"1 minute"},"schema":{"@context":"https:\/\/schema.org","@graph":[{"@type":"WebPage","@id":"https:\/\/mieldelatorre.com\/producto\/botes-de-89-ml-caja-de-30\/","url":"https:\/\/mieldelatorre.com\/producto\/botes-de-89-ml-caja-de-30\/","name":"BOTES DE 125 g \/ 89 ml (CAJA DE 30) - MIEL DE CA\u00d1A DE FRIGILIANA PRODUCTO NATURAL","isPartOf":{"@id":"https:\/\/mieldelatorre.com\/#website"},"primaryImageOfPage":{"@id":"https:\/\/mieldelatorre.com\/producto\/botes-de-89-ml-caja-de-30\/#primaryimage"},"image":{"@id":"https:\/\/mieldelatorre.com\/producto\/botes-de-89-ml-caja-de-30\/#primaryimage"},"thumbnailUrl":"https:\/\/mieldelatorre.com\/wp-content\/uploads\/2025\/11\/bote-caja-web-89-nuevo-1.webp","datePublished":"2025-11-11T12:15:35+00:00","dateModified":"2026-01-23T18:57:29+00:00","description":"Su sabor dulce y textura melosa convierten este producto en una miel vegana, 100% natural. Es un endulzante natural con menos calor\u00edas y m\u00e1s nutrientes que el az\u00facar y la panela. Pero tambi\u00e9n es un ingrediente vers\u00e1til en las cocinas.Usalo para endulzar tus caf\u00e9s o infusiones, para carnes y pescados al horno, en frituras o tempuras. Combina muy bien con las ensaladas, frutas \u00e1cidas y l\u00e1cteos. Perfecto para crear salsas (barbacoa, teriyaki, kabayaki, vinagreta,\u2026), imprescindible en los dulces tradicionales y reposter\u00eda moderna.","breadcrumb":{"@id":"https:\/\/mieldelatorre.com\/producto\/botes-de-89-ml-caja-de-30\/#breadcrumb"},"inLanguage":"en-GB","potentialAction":[{"@type":"ReadAction","target":["https:\/\/mieldelatorre.com\/producto\/botes-de-89-ml-caja-de-30\/"]}]},{"@type":"ImageObject","inLanguage":"en-GB","@id":"https:\/\/mieldelatorre.com\/producto\/botes-de-89-ml-caja-de-30\/#primaryimage","url":"https:\/\/mieldelatorre.com\/wp-content\/uploads\/2025\/11\/bote-caja-web-89-nuevo-1.webp","contentUrl":"https:\/\/mieldelatorre.com\/wp-content\/uploads\/2025\/11\/bote-caja-web-89-nuevo-1.webp","width":2000,"height":2000},{"@type":"BreadcrumbList","@id":"https:\/\/mieldelatorre.com\/producto\/botes-de-89-ml-caja-de-30\/#breadcrumb","itemListElement":[{"@type":"ListItem","position":1,"name":"Portada","item":"https:\/\/mieldelatorre.com\/"},{"@type":"ListItem","position":2,"name":"Tienda","item":"https:\/\/mieldelatorre.com\/tienda\/"},{"@type":"ListItem","position":3,"name":"BOTES DE 125 g \/ 89 ml (CAJA DE 30)"}]},{"@type":"WebSite","@id":"https:\/\/mieldelatorre.com\/#website","url":"https:\/\/mieldelatorre.com\/","name":"miel de ca\u00f1a de la torre","description":"El Ingenio Nuestra Se\u00f1ora del Carmen elabora desde 1725 la miel de ca\u00f1a Frigiliana, producto natural rico en vitaminas y minerales","publisher":{"@id":"https:\/\/mieldelatorre.com\/#organization"},"potentialAction":[{"@type":"SearchAction","target":{"@type":"EntryPoint","urlTemplate":"https:\/\/mieldelatorre.com\/?s={search_term_string}"},"query-input":{"@type":"PropertyValueSpecification","valueRequired":true,"valueName":"search_term_string"}}],"inLanguage":"en-GB"},{"@type":"Organization","@id":"https:\/\/mieldelatorre.com\/#organization","name":"De La Torre S.L. miel de ca\u00f1a","url":"https:\/\/mieldelatorre.com\/","logo":{"@type":"ImageObject","inLanguage":"en-GB","@id":"https:\/\/mieldelatorre.com\/#\/schema\/logo\/image\/","url":"","contentUrl":"","caption":"De La Torre S.L. miel de ca\u00f1a"},"image":{"@id":"https:\/\/mieldelatorre.com\/#\/schema\/logo\/image\/"},"sameAs":["https:\/\/www.facebook.com\/mieldelatorre","https:\/\/www.instagram.com\/ingenio_nra_sra_del_carmen\/","https:\/\/www.youtube.com\/channel\/UCBi3fBnBWX9RaxeqMhjQ_JQ"]}]}},"_links":{"self":[{"href":"https:\/\/mieldelatorre.com\/en\/wp-json\/wp\/v2\/product\/12218","targetHints":{"allow":["GET"]}}],"collection":[{"href":"https:\/\/mieldelatorre.com\/en\/wp-json\/wp\/v2\/product"}],"about":[{"href":"https:\/\/mieldelatorre.com\/en\/wp-json\/wp\/v2\/types\/product"}],"replies":[{"embeddable":true,"href":"https:\/\/mieldelatorre.com\/en\/wp-json\/wp\/v2\/comments?post=12218"}],"version-history":[{"count":5,"href":"https:\/\/mieldelatorre.com\/en\/wp-json\/wp\/v2\/product\/12218\/revisions"}],"predecessor-version":[{"id":12240,"href":"https:\/\/mieldelatorre.com\/en\/wp-json\/wp\/v2\/product\/12218\/revisions\/12240"}],"wp:featuredmedia":[{"embeddable":true,"href":"https:\/\/mieldelatorre.com\/en\/wp-json\/wp\/v2\/media\/12221"}],"wp:attachment":[{"href":"https:\/\/mieldelatorre.com\/en\/wp-json\/wp\/v2\/media?parent=12218"}],"wp:term":[{"taxonomy":"product_brand","embeddable":true,"href":"https:\/\/mieldelatorre.com\/en\/wp-json\/wp\/v2\/product_brand?post=12218"},{"taxonomy":"product_cat","embeddable":true,"href":"https:\/\/mieldelatorre.com\/en\/wp-json\/wp\/v2\/product_cat?post=12218"},{"taxonomy":"product_tag","embeddable":true,"href":"https:\/\/mieldelatorre.com\/en\/wp-json\/wp\/v2\/product_tag?post=12218"}],"curies":[{"name":"wp","href":"https:\/\/api.w.org\/{rel}","templated":true}]}}