
{"id":64,"date":"2020-01-17T09:13:08","date_gmt":"2020-01-17T08:13:08","guid":{"rendered":"https:\/\/bridge316.qodeinteractive.com\/my-account\/"},"modified":"2025-06-03T16:27:23","modified_gmt":"2025-06-03T14:27:23","slug":"area-de-socios","status":"publish","type":"page","link":"https:\/\/mieldelatorre.com\/en\/area-de-socios\/","title":{"rendered":"Associates"},"content":{"rendered":"<div data-elementor-type=\"wp-page\" data-elementor-id=\"64\" class=\"elementor elementor-64\">\n\t\t\t\t\t\t<section class=\"elementor-section elementor-top-section elementor-element elementor-element-5849f95f elementor-section-boxed elementor-section-height-default elementor-section-height-default parallax_section_no qode_elementor_container_no\" data-id=\"5849f95f\" data-element_type=\"section\" data-e-type=\"section\">\n\t\t\t\t\t\t<div class=\"elementor-container elementor-column-gap-default\">\n\t\t\t\t\t<div class=\"elementor-column elementor-col-100 elementor-top-column elementor-element elementor-element-d2d9ce3\" data-id=\"d2d9ce3\" data-element_type=\"column\" data-e-type=\"column\">\n\t\t\t<div class=\"elementor-widget-wrap elementor-element-populated\">\n\t\t\t\t\t\t<div class=\"elementor-element elementor-element-ad8a7f4 elementor-widget elementor-widget-login\" data-id=\"ad8a7f4\" data-element_type=\"widget\" data-e-type=\"widget\" data-widget_type=\"login.default\">\n\t\t\t\t<div class=\"elementor-widget-container\">\n\t\t\t\t\t\t\t<form class=\"elementor-login elementor-form\" method=\"post\" action=\"https:\/\/mieldelatorre.com\/wp-login.php\">\n\t\t\t<input type=\"hidden\" name=\"redirect_to\" value=\"\/en\/wp-json\/wp\/v2\/pages\/64\">\n\t\t\t<div class=\"elementor-form-fields-wrapper\">\n\t\t\t\t<div class=\"elementor-field-type-text elementor-field-group elementor-column elementor-col-100 elementor-field-required\">\n\t\t\t\t\t<label for=\"user\">Username or email<\/label>\t\t\t\t\t<input size=\"1\" type=\"text\" name=\"log\" id=\"user\" placeholder=\"Username or email\" class=\"elementor-field elementor-field-textual elementor-size-sm\">\n\t\t\t\t<\/div>\n\t\t\t\t<div class=\"elementor-field-type-text elementor-field-group elementor-column elementor-col-100 elementor-field-required\">\n\t\t\t\t\t<label for=\"password\">Password<\/label>\t\t\t\t\t<input size=\"1\" type=\"password\" name=\"pwd\" id=\"password\" placeholder=\"Password\" class=\"elementor-field elementor-field-textual elementor-size-sm\">\n\t\t\t\t<\/div>\n\n\t\t\t\t\n\t\t\t\t<div class=\"elementor-field-group elementor-column elementor-field-type-submit elementor-col-100\">\n\t\t\t\t\t<button type=\"submit\" class=\"elementor-size-sm elementor-button\" name=\"wp-submit\">\n\t\t\t\t\t\t\t\t\t\t\t\t\t\t\t<span class=\"elementor-button-text\">Enter<\/span>\n\t\t\t\t\t\t\t\t\t\t\t\t<\/button>\n\t\t\t\t<\/div>\n\n\t\t\t\t\t\t\t\t\t<div class=\"elementor-field-group elementor-column elementor-col-100\">\n\t\t\t\t\t\t\t\t\t\t\t\t\t\t\t\t\t\t\t\t<a class=\"elementor-lost-password\" href=\"https:\/\/mieldelatorre.com\/en\/account\/lost-password\/\">\n\t\t\t\t\t\t\t\tLost your password?\t\t\t\t\t\t\t<\/a>\n\t\t\t\t\t\t\n\t\t\t\t\t\t\t\t\t\t\t<\/div>\n\t\t\t\t\t\t\t<\/div>\n\t\t<\/form>\n\t\t\t\t\t\t<\/div>\n\t\t\t\t<\/div>\n\t\t\t\t<div class=\"elementor-element elementor-element-9e36368 elementor-widget-divider--view-line elementor-widget elementor-widget-divider\" data-id=\"9e36368\" data-element_type=\"widget\" data-e-type=\"widget\" data-widget_type=\"divider.default\">\n\t\t\t\t<div class=\"elementor-widget-container\">\n\t\t\t\t\t\t\t<div class=\"elementor-divider\">\n\t\t\t<span class=\"elementor-divider-separator\">\n\t\t\t\t\t\t<\/span>\n\t\t<\/div>\n\t\t\t\t\t\t<\/div>\n\t\t\t\t<\/div>\n\t\t\t\t\t<\/div>\n\t\t<\/div>\n\t\t\t\t\t<\/div>\n\t\t<\/section>\n\t\t\t\t<\/div>","protected":false},"excerpt":{"rendered":"<p>Tabl\u00f3n de Anuncios Junta General Ordinaria Junio 2025 (Descargar) Hoja de Representaci\u00f3n DLT (Descargar)<\/p>","protected":false},"author":1,"featured_media":0,"parent":0,"menu_order":0,"comment_status":"closed","ping_status":"closed","template":"","meta":{"inline_featured_image":false,"_exactmetrics_skip_tracking":false,"_exactmetrics_sitenote_active":false,"_exactmetrics_sitenote_note":"","_exactmetrics_sitenote_category":0,"footnotes":""},"class_list":["post-64","page","type-page","status-publish","hentry"],"yoast_head":"<!-- This site is optimized with the Yoast SEO plugin v26.9 - https:\/\/yoast.com\/product\/yoast-seo-wordpress\/ -->\n<title>Socios - MIEL DE CA\u00d1A DE FRIGILIANA PRODUCTO NATURAL<\/title>\n<meta name=\"robots\" content=\"index, follow, max-snippet:-1, max-image-preview:large, max-video-preview:-1\" \/>\n<link rel=\"canonical\" href=\"https:\/\/mieldelatorre.com\/en\/area-de-socios\/\" \/>\n<meta property=\"og:locale\" content=\"en_GB\" \/>\n<meta property=\"og:type\" content=\"article\" \/>\n<meta property=\"og:title\" content=\"Socios - MIEL DE CA\u00d1A DE FRIGILIANA PRODUCTO NATURAL\" \/>\n<meta property=\"og:description\" content=\"Tabl\u00f3n de Anuncios Junta General Ordinaria Junio 2025 (Descargar) Hoja de Representaci\u00f3n DLT (Descargar)\" \/>\n<meta property=\"og:url\" content=\"https:\/\/mieldelatorre.com\/en\/area-de-socios\/\" \/>\n<meta property=\"og:site_name\" content=\"MIEL DE CA\u00d1A DE FRIGILIANA PRODUCTO NATURAL\" \/>\n<meta property=\"article:publisher\" content=\"https:\/\/www.facebook.com\/mieldelatorre\" \/>\n<meta property=\"article:modified_time\" content=\"2025-06-03T14:27:23+00:00\" \/>\n<meta name=\"twitter:card\" content=\"summary_large_image\" \/>\n<meta name=\"twitter:label1\" content=\"Estimated reading time\" \/>\n\t<meta name=\"twitter:data1\" content=\"1 minute\" \/>\n<script type=\"application\/ld+json\" class=\"yoast-schema-graph\">{\"@context\":\"https:\/\/schema.org\",\"@graph\":[{\"@type\":\"WebPage\",\"@id\":\"https:\/\/mieldelatorre.com\/area-de-socios\/\",\"url\":\"https:\/\/mieldelatorre.com\/area-de-socios\/\",\"name\":\"Socios - MIEL DE CA\u00d1A DE FRIGILIANA PRODUCTO NATURAL\",\"isPartOf\":{\"@id\":\"https:\/\/mieldelatorre.com\/#website\"},\"datePublished\":\"2020-01-17T08:13:08+00:00\",\"dateModified\":\"2025-06-03T14:27:23+00:00\",\"breadcrumb\":{\"@id\":\"https:\/\/mieldelatorre.com\/area-de-socios\/#breadcrumb\"},\"inLanguage\":\"en-GB\",\"potentialAction\":[{\"@type\":\"ReadAction\",\"target\":[\"https:\/\/mieldelatorre.com\/area-de-socios\/\"]}]},{\"@type\":\"BreadcrumbList\",\"@id\":\"https:\/\/mieldelatorre.com\/area-de-socios\/#breadcrumb\",\"itemListElement\":[{\"@type\":\"ListItem\",\"position\":1,\"name\":\"Portada\",\"item\":\"https:\/\/mieldelatorre.com\/\"},{\"@type\":\"ListItem\",\"position\":2,\"name\":\"Socios\"}]},{\"@type\":\"WebSite\",\"@id\":\"https:\/\/mieldelatorre.com\/#website\",\"url\":\"https:\/\/mieldelatorre.com\/\",\"name\":\"miel de ca\u00f1a de la torre\",\"description\":\"El Ingenio Nuestra Se\u00f1ora del Carmen elabora desde 1725 la miel de ca\u00f1a Frigiliana, producto natural rico en vitaminas y minerales\",\"publisher\":{\"@id\":\"https:\/\/mieldelatorre.com\/#organization\"},\"potentialAction\":[{\"@type\":\"SearchAction\",\"target\":{\"@type\":\"EntryPoint\",\"urlTemplate\":\"https:\/\/mieldelatorre.com\/?s={search_term_string}\"},\"query-input\":{\"@type\":\"PropertyValueSpecification\",\"valueRequired\":true,\"valueName\":\"search_term_string\"}}],\"inLanguage\":\"en-GB\"},{\"@type\":\"Organization\",\"@id\":\"https:\/\/mieldelatorre.com\/#organization\",\"name\":\"De La Torre S.L. miel de ca\u00f1a\",\"url\":\"https:\/\/mieldelatorre.com\/\",\"logo\":{\"@type\":\"ImageObject\",\"inLanguage\":\"en-GB\",\"@id\":\"https:\/\/mieldelatorre.com\/#\/schema\/logo\/image\/\",\"url\":\"\",\"contentUrl\":\"\",\"caption\":\"De La Torre S.L. miel de ca\u00f1a\"},\"image\":{\"@id\":\"https:\/\/mieldelatorre.com\/#\/schema\/logo\/image\/\"},\"sameAs\":[\"https:\/\/www.facebook.com\/mieldelatorre\",\"https:\/\/www.instagram.com\/ingenio_nra_sra_del_carmen\/\",\"https:\/\/www.youtube.com\/channel\/UCBi3fBnBWX9RaxeqMhjQ_JQ\"]}]}<\/script>\n<!-- \/ Yoast SEO plugin. -->","yoast_head_json":{"title":"Socios - MIEL DE CA\u00d1A DE FRIGILIANA PRODUCTO NATURAL","robots":{"index":"index","follow":"follow","max-snippet":"max-snippet:-1","max-image-preview":"max-image-preview:large","max-video-preview":"max-video-preview:-1"},"canonical":"https:\/\/mieldelatorre.com\/en\/area-de-socios\/","og_locale":"en_GB","og_type":"article","og_title":"Socios - MIEL DE CA\u00d1A DE FRIGILIANA PRODUCTO NATURAL","og_description":"Tabl\u00f3n de Anuncios Junta General Ordinaria Junio 2025 (Descargar) Hoja de Representaci\u00f3n DLT (Descargar)","og_url":"https:\/\/mieldelatorre.com\/en\/area-de-socios\/","og_site_name":"MIEL DE CA\u00d1A DE FRIGILIANA PRODUCTO NATURAL","article_publisher":"https:\/\/www.facebook.com\/mieldelatorre","article_modified_time":"2025-06-03T14:27:23+00:00","twitter_card":"summary_large_image","twitter_misc":{"Estimated reading time":"1 minute"},"schema":{"@context":"https:\/\/schema.org","@graph":[{"@type":"WebPage","@id":"https:\/\/mieldelatorre.com\/area-de-socios\/","url":"https:\/\/mieldelatorre.com\/area-de-socios\/","name":"Socios - MIEL DE CA\u00d1A DE FRIGILIANA PRODUCTO NATURAL","isPartOf":{"@id":"https:\/\/mieldelatorre.com\/#website"},"datePublished":"2020-01-17T08:13:08+00:00","dateModified":"2025-06-03T14:27:23+00:00","breadcrumb":{"@id":"https:\/\/mieldelatorre.com\/area-de-socios\/#breadcrumb"},"inLanguage":"en-GB","potentialAction":[{"@type":"ReadAction","target":["https:\/\/mieldelatorre.com\/area-de-socios\/"]}]},{"@type":"BreadcrumbList","@id":"https:\/\/mieldelatorre.com\/area-de-socios\/#breadcrumb","itemListElement":[{"@type":"ListItem","position":1,"name":"Portada","item":"https:\/\/mieldelatorre.com\/"},{"@type":"ListItem","position":2,"name":"Socios"}]},{"@type":"WebSite","@id":"https:\/\/mieldelatorre.com\/#website","url":"https:\/\/mieldelatorre.com\/","name":"miel de ca\u00f1a de la torre","description":"El Ingenio Nuestra Se\u00f1ora del Carmen elabora desde 1725 la miel de ca\u00f1a Frigiliana, producto natural rico en vitaminas y minerales","publisher":{"@id":"https:\/\/mieldelatorre.com\/#organization"},"potentialAction":[{"@type":"SearchAction","target":{"@type":"EntryPoint","urlTemplate":"https:\/\/mieldelatorre.com\/?s={search_term_string}"},"query-input":{"@type":"PropertyValueSpecification","valueRequired":true,"valueName":"search_term_string"}}],"inLanguage":"en-GB"},{"@type":"Organization","@id":"https:\/\/mieldelatorre.com\/#organization","name":"De La Torre S.L. miel de ca\u00f1a","url":"https:\/\/mieldelatorre.com\/","logo":{"@type":"ImageObject","inLanguage":"en-GB","@id":"https:\/\/mieldelatorre.com\/#\/schema\/logo\/image\/","url":"","contentUrl":"","caption":"De La Torre S.L. miel de ca\u00f1a"},"image":{"@id":"https:\/\/mieldelatorre.com\/#\/schema\/logo\/image\/"},"sameAs":["https:\/\/www.facebook.com\/mieldelatorre","https:\/\/www.instagram.com\/ingenio_nra_sra_del_carmen\/","https:\/\/www.youtube.com\/channel\/UCBi3fBnBWX9RaxeqMhjQ_JQ"]}]}},"_links":{"self":[{"href":"https:\/\/mieldelatorre.com\/en\/wp-json\/wp\/v2\/pages\/64","targetHints":{"allow":["GET"]}}],"collection":[{"href":"https:\/\/mieldelatorre.com\/en\/wp-json\/wp\/v2\/pages"}],"about":[{"href":"https:\/\/mieldelatorre.com\/en\/wp-json\/wp\/v2\/types\/page"}],"author":[{"embeddable":true,"href":"https:\/\/mieldelatorre.com\/en\/wp-json\/wp\/v2\/users\/1"}],"replies":[{"embeddable":true,"href":"https:\/\/mieldelatorre.com\/en\/wp-json\/wp\/v2\/comments?post=64"}],"version-history":[{"count":5,"href":"https:\/\/mieldelatorre.com\/en\/wp-json\/wp\/v2\/pages\/64\/revisions"}],"predecessor-version":[{"id":12066,"href":"https:\/\/mieldelatorre.com\/en\/wp-json\/wp\/v2\/pages\/64\/revisions\/12066"}],"wp:attachment":[{"href":"https:\/\/mieldelatorre.com\/en\/wp-json\/wp\/v2\/media?parent=64"}],"curies":[{"name":"wp","href":"https:\/\/api.w.org\/{rel}","templated":true}]}}