
{"id":318,"date":"2020-07-19T18:50:02","date_gmt":"2020-07-19T16:50:02","guid":{"rendered":"https:\/\/mieldelatorre.com\/?page_id=318"},"modified":"2021-01-23T12:07:20","modified_gmt":"2021-01-23T11:07:20","slug":"politica-de-privacidad","status":"publish","type":"page","link":"https:\/\/mieldelatorre.com\/en\/politica-de-privacidad\/","title":{"rendered":"Privacy Policy"},"content":{"rendered":"<p>USER INFORMATION<\/p> \n<p style=\"text-align: justify;\">De La Torre S.L., hereinafter Miel De La Torre, is responsible for the processing of the User's personal data and informs him that this data will be processed in accordance with the provisions of current regulations on personal data protection, the Regulation (EU) 2016\/679 of April 27, 2016 (GDPR) regarding the protection of natural persons with regard to the processing of personal data and the free circulation of these data and Organic Law (ES) 15\/1999 of 13 December (LOPD) regarding the protection of personal data, for which the following treatment information is provided:<\/p>\n&nbsp;\n \n<p style=\"text-align: justify;\">End of treatment: maintain a commercial relationship with the User. The operations planned to carry out the treatment are:<\/p> \n<p style=\"text-align: justify;\">\u2013 Sending of commercial advertising communications by email, fax, SMS, MMS, social communities or any other electronic or physical means, present or future, that makes it possible to carry out commercial communications. These communications will be made by Miel De La Torre and related to its products and services, or its collaborators or suppliers with whom it has reached a promotional agreement. In this case, third parties will never have access to personal data.<\/p>\n<p style=\"text-align: justify;\">\u2013 Carry out statistical studies.<\/p>\n<p style=\"text-align: justify;\">\u2013 Process orders, requests or any type of request that is made by the user through any of the contact forms that are made available to them.<\/p>\n<p style=\"text-align: justify;\">\u2013 Forward the newsletter on the website.<\/p>\n&nbsp;\n\n<p style=\"text-align: justify;\">Data conservation criteria: they will be kept as long as there is a mutual interest to maintain the purpose of the treatment and when it is no longer necessary for this purpose, they will be deleted with adequate security measures to guarantee the pseudonymization of the data or the total destruction of the data.<\/p>\n&nbsp;\n \n<p style=\"text-align: justify;\">Comunicaci\u00f3n de los datos: No se comunicar\u00e1n los datos a ning\u00fan destinatario.<\/p>\n&nbsp;\n \n<p style=\"text-align: justify;\">Rights that assist the User:<\/p>\n<p style=\"text-align: justify;\">\u2013 Right to withdraw consent at any time.<\/p>\n<p style=\"text-align: justify;\">\u2013 Right of access, rectification and deletion of your data and the limitation or opposition to its treatment.<\/p>\n<p style=\"text-align: justify;\">\u2013 Right to file a claim with the control authority (agpd.es) if you consider that the treatment does not comply with current regulations.<\/p>\n&nbsp;\n\n<p style=\"text-align: justify;\">Contact information to exercise your rights:<\/p>\n<p style=\"text-align: justify;\">\u2013 Address: Plaza del Ingenio, n\u00ba 4 Frigiliana (M\u00e1laga).<\/p>\n<p style=\"text-align: justify;\">\u2013 Email address: comercialj@mieldelatorre.com<\/p>\n&nbsp;\n\n\n\n\n<p>MANDATORY OR OPTIONAL NATURE OF THE INFORMATION PROVIDED BY THE USER<\/p>\n<p style=\"text-align: justify;\">Users, by checking the corresponding boxes and entering data in the fields, marked with an asterisk (*) in the contact form or presented in download forms, expressly and freely and unequivocally accept that their data is necessary to meet your request, by the provider, the inclusion of data in the remaining fields being voluntary. The User guarantees that the personal data provided to Miel De La Torre is true and is responsible for communicating any changes thereto.<\/p>\n&nbsp;\n \n<p style=\"text-align: justify;\">Miel De La Torre expressly informs and guarantees users that their personal data will not be transferred in any case to third parties, and that whenever any type of transfer of personal data is made, the express, informed and unequivocal consent of the users will be requested in advance. Users. All the data requested through the website are mandatory, since they are necessary for the provision of an optimal service to the User. In the event that all the data is not provided, it is not guaranteed that the information and services provided are fully adjusted to your needs.<\/p>\n&nbsp;\n\n<p>SECURITY MEASURES<\/p> \n<p style=\"text-align: justify;\">That in accordance with the provisions of current regulations on the protection of personal data, Miel De La Torre is complying with all the provisions of the GDPR and LOPD regulations for the processing of personal data under its responsibility, and manifestly with the principles described in article 5 of the GDPR and in article 4 of the LOPD, by which they are treated in a lawful, loyal and transparent manner in relation to the interested party and adequate, pertinent and limited to what is necessary in relation to the purposes for which they are treated.<\/p>\n&nbsp;\n \n<p style=\"text-align: justify;\">Miel De La Torre guarantees that it has implemented appropriate technical and organizational policies to apply the security measures established by the GDPR and the LOPD in order to protect the rights and freedoms of Users and has communicated the appropriate information so that they can exercise them.<\/p>\n&nbsp;\n\n\n\n<div style=\"height:100px\" aria-hidden=\"true\" class=\"wp-block-spacer\"><\/div>","protected":false},"excerpt":{"rendered":"<p>INFORMACI\u00d3N AL USUARIO De La Torre S.L., en adelante Miel De La Torre, es el responsable del tratamiento de los datos personales del Usuario y le informa que estos datos ser\u00e1n tratados de conformidad con lo dispuesto en las normativas vigentes en protecci\u00f3n de datos&#8230;<\/p>","protected":false},"author":1,"featured_media":0,"parent":0,"menu_order":0,"comment_status":"closed","ping_status":"closed","template":"","meta":{"inline_featured_image":false,"_exactmetrics_skip_tracking":false,"_exactmetrics_sitenote_active":false,"_exactmetrics_sitenote_note":"","_exactmetrics_sitenote_category":0,"footnotes":""},"class_list":["post-318","page","type-page","status-publish","hentry"],"yoast_head":"<!-- This site is optimized with the Yoast SEO plugin v26.9 - https:\/\/yoast.com\/product\/yoast-seo-wordpress\/ -->\n<title>Pol\u00edtica de privacidad - MIEL DE CA\u00d1A DE FRIGILIANA PRODUCTO NATURAL<\/title>\n<meta name=\"robots\" content=\"index, follow, max-snippet:-1, max-image-preview:large, max-video-preview:-1\" \/>\n<link rel=\"canonical\" href=\"https:\/\/mieldelatorre.com\/en\/politica-de-privacidad\/\" \/>\n<meta property=\"og:locale\" content=\"en_GB\" \/>\n<meta property=\"og:type\" content=\"article\" \/>\n<meta property=\"og:title\" content=\"Pol\u00edtica de privacidad - MIEL DE CA\u00d1A DE FRIGILIANA PRODUCTO NATURAL\" \/>\n<meta property=\"og:description\" content=\"INFORMACI\u00d3N AL USUARIO De La Torre S.L., en adelante Miel De La Torre, es el responsable del tratamiento de los datos personales del Usuario y le informa que estos datos ser\u00e1n tratados de conformidad con lo dispuesto en las normativas vigentes en protecci\u00f3n de datos...\" \/>\n<meta property=\"og:url\" content=\"https:\/\/mieldelatorre.com\/en\/politica-de-privacidad\/\" \/>\n<meta property=\"og:site_name\" content=\"MIEL DE CA\u00d1A DE FRIGILIANA PRODUCTO NATURAL\" \/>\n<meta property=\"article:publisher\" content=\"https:\/\/www.facebook.com\/mieldelatorre\" \/>\n<meta property=\"article:modified_time\" content=\"2021-01-23T11:07:20+00:00\" \/>\n<meta name=\"twitter:card\" content=\"summary_large_image\" \/>\n<meta name=\"twitter:label1\" content=\"Estimated reading time\" \/>\n\t<meta name=\"twitter:data1\" content=\"4 minutes\" \/>\n<script type=\"application\/ld+json\" class=\"yoast-schema-graph\">{\"@context\":\"https:\/\/schema.org\",\"@graph\":[{\"@type\":\"WebPage\",\"@id\":\"https:\/\/mieldelatorre.com\/politica-de-privacidad\/\",\"url\":\"https:\/\/mieldelatorre.com\/politica-de-privacidad\/\",\"name\":\"Pol\u00edtica de privacidad - MIEL DE CA\u00d1A DE FRIGILIANA PRODUCTO NATURAL\",\"isPartOf\":{\"@id\":\"https:\/\/mieldelatorre.com\/#website\"},\"datePublished\":\"2020-07-19T16:50:02+00:00\",\"dateModified\":\"2021-01-23T11:07:20+00:00\",\"breadcrumb\":{\"@id\":\"https:\/\/mieldelatorre.com\/politica-de-privacidad\/#breadcrumb\"},\"inLanguage\":\"en-GB\",\"potentialAction\":[{\"@type\":\"ReadAction\",\"target\":[\"https:\/\/mieldelatorre.com\/politica-de-privacidad\/\"]}]},{\"@type\":\"BreadcrumbList\",\"@id\":\"https:\/\/mieldelatorre.com\/politica-de-privacidad\/#breadcrumb\",\"itemListElement\":[{\"@type\":\"ListItem\",\"position\":1,\"name\":\"Portada\",\"item\":\"https:\/\/mieldelatorre.com\/\"},{\"@type\":\"ListItem\",\"position\":2,\"name\":\"Pol\u00edtica de privacidad\"}]},{\"@type\":\"WebSite\",\"@id\":\"https:\/\/mieldelatorre.com\/#website\",\"url\":\"https:\/\/mieldelatorre.com\/\",\"name\":\"miel de ca\u00f1a de la torre\",\"description\":\"El Ingenio Nuestra Se\u00f1ora del Carmen elabora desde 1725 la miel de ca\u00f1a Frigiliana, producto natural rico en vitaminas y minerales\",\"publisher\":{\"@id\":\"https:\/\/mieldelatorre.com\/#organization\"},\"potentialAction\":[{\"@type\":\"SearchAction\",\"target\":{\"@type\":\"EntryPoint\",\"urlTemplate\":\"https:\/\/mieldelatorre.com\/?s={search_term_string}\"},\"query-input\":{\"@type\":\"PropertyValueSpecification\",\"valueRequired\":true,\"valueName\":\"search_term_string\"}}],\"inLanguage\":\"en-GB\"},{\"@type\":\"Organization\",\"@id\":\"https:\/\/mieldelatorre.com\/#organization\",\"name\":\"De La Torre S.L. miel de ca\u00f1a\",\"url\":\"https:\/\/mieldelatorre.com\/\",\"logo\":{\"@type\":\"ImageObject\",\"inLanguage\":\"en-GB\",\"@id\":\"https:\/\/mieldelatorre.com\/#\/schema\/logo\/image\/\",\"url\":\"\",\"contentUrl\":\"\",\"caption\":\"De La Torre S.L. miel de ca\u00f1a\"},\"image\":{\"@id\":\"https:\/\/mieldelatorre.com\/#\/schema\/logo\/image\/\"},\"sameAs\":[\"https:\/\/www.facebook.com\/mieldelatorre\",\"https:\/\/www.instagram.com\/ingenio_nra_sra_del_carmen\/\",\"https:\/\/www.youtube.com\/channel\/UCBi3fBnBWX9RaxeqMhjQ_JQ\"]}]}<\/script>\n<!-- \/ Yoast SEO plugin. -->","yoast_head_json":{"title":"Pol\u00edtica de privacidad - MIEL DE CA\u00d1A DE FRIGILIANA PRODUCTO NATURAL","robots":{"index":"index","follow":"follow","max-snippet":"max-snippet:-1","max-image-preview":"max-image-preview:large","max-video-preview":"max-video-preview:-1"},"canonical":"https:\/\/mieldelatorre.com\/en\/politica-de-privacidad\/","og_locale":"en_GB","og_type":"article","og_title":"Pol\u00edtica de privacidad - MIEL DE CA\u00d1A DE FRIGILIANA PRODUCTO NATURAL","og_description":"INFORMACI\u00d3N AL USUARIO De La Torre S.L., en adelante Miel De La Torre, es el responsable del tratamiento de los datos personales del Usuario y le informa que estos datos ser\u00e1n tratados de conformidad con lo dispuesto en las normativas vigentes en protecci\u00f3n de datos...","og_url":"https:\/\/mieldelatorre.com\/en\/politica-de-privacidad\/","og_site_name":"MIEL DE CA\u00d1A DE FRIGILIANA PRODUCTO NATURAL","article_publisher":"https:\/\/www.facebook.com\/mieldelatorre","article_modified_time":"2021-01-23T11:07:20+00:00","twitter_card":"summary_large_image","twitter_misc":{"Estimated reading time":"4 minutes"},"schema":{"@context":"https:\/\/schema.org","@graph":[{"@type":"WebPage","@id":"https:\/\/mieldelatorre.com\/politica-de-privacidad\/","url":"https:\/\/mieldelatorre.com\/politica-de-privacidad\/","name":"Pol\u00edtica de privacidad - MIEL DE CA\u00d1A DE FRIGILIANA PRODUCTO NATURAL","isPartOf":{"@id":"https:\/\/mieldelatorre.com\/#website"},"datePublished":"2020-07-19T16:50:02+00:00","dateModified":"2021-01-23T11:07:20+00:00","breadcrumb":{"@id":"https:\/\/mieldelatorre.com\/politica-de-privacidad\/#breadcrumb"},"inLanguage":"en-GB","potentialAction":[{"@type":"ReadAction","target":["https:\/\/mieldelatorre.com\/politica-de-privacidad\/"]}]},{"@type":"BreadcrumbList","@id":"https:\/\/mieldelatorre.com\/politica-de-privacidad\/#breadcrumb","itemListElement":[{"@type":"ListItem","position":1,"name":"Portada","item":"https:\/\/mieldelatorre.com\/"},{"@type":"ListItem","position":2,"name":"Pol\u00edtica de privacidad"}]},{"@type":"WebSite","@id":"https:\/\/mieldelatorre.com\/#website","url":"https:\/\/mieldelatorre.com\/","name":"miel de ca\u00f1a de la torre","description":"El Ingenio Nuestra Se\u00f1ora del Carmen elabora desde 1725 la miel de ca\u00f1a Frigiliana, producto natural rico en vitaminas y minerales","publisher":{"@id":"https:\/\/mieldelatorre.com\/#organization"},"potentialAction":[{"@type":"SearchAction","target":{"@type":"EntryPoint","urlTemplate":"https:\/\/mieldelatorre.com\/?s={search_term_string}"},"query-input":{"@type":"PropertyValueSpecification","valueRequired":true,"valueName":"search_term_string"}}],"inLanguage":"en-GB"},{"@type":"Organization","@id":"https:\/\/mieldelatorre.com\/#organization","name":"De La Torre S.L. miel de ca\u00f1a","url":"https:\/\/mieldelatorre.com\/","logo":{"@type":"ImageObject","inLanguage":"en-GB","@id":"https:\/\/mieldelatorre.com\/#\/schema\/logo\/image\/","url":"","contentUrl":"","caption":"De La Torre S.L. miel de ca\u00f1a"},"image":{"@id":"https:\/\/mieldelatorre.com\/#\/schema\/logo\/image\/"},"sameAs":["https:\/\/www.facebook.com\/mieldelatorre","https:\/\/www.instagram.com\/ingenio_nra_sra_del_carmen\/","https:\/\/www.youtube.com\/channel\/UCBi3fBnBWX9RaxeqMhjQ_JQ"]}]}},"_links":{"self":[{"href":"https:\/\/mieldelatorre.com\/en\/wp-json\/wp\/v2\/pages\/318","targetHints":{"allow":["GET"]}}],"collection":[{"href":"https:\/\/mieldelatorre.com\/en\/wp-json\/wp\/v2\/pages"}],"about":[{"href":"https:\/\/mieldelatorre.com\/en\/wp-json\/wp\/v2\/types\/page"}],"author":[{"embeddable":true,"href":"https:\/\/mieldelatorre.com\/en\/wp-json\/wp\/v2\/users\/1"}],"replies":[{"embeddable":true,"href":"https:\/\/mieldelatorre.com\/en\/wp-json\/wp\/v2\/comments?post=318"}],"version-history":[{"count":5,"href":"https:\/\/mieldelatorre.com\/en\/wp-json\/wp\/v2\/pages\/318\/revisions"}],"predecessor-version":[{"id":2138,"href":"https:\/\/mieldelatorre.com\/en\/wp-json\/wp\/v2\/pages\/318\/revisions\/2138"}],"wp:attachment":[{"href":"https:\/\/mieldelatorre.com\/en\/wp-json\/wp\/v2\/media?parent=318"}],"curies":[{"name":"wp","href":"https:\/\/api.w.org\/{rel}","templated":true}]}}