
{"id":315,"date":"2020-07-19T18:40:38","date_gmt":"2020-07-19T16:40:38","guid":{"rendered":"https:\/\/mieldelatorre.com\/?page_id=315"},"modified":"2021-01-23T11:53:30","modified_gmt":"2021-01-23T10:53:30","slug":"politica-de-cookies","status":"publish","type":"page","link":"https:\/\/mieldelatorre.com\/en\/politica-de-cookies\/","title":{"rendered":"Cookies policy"},"content":{"rendered":"<p>WHAT ARE COOKIES?<\/p>\n<p style=\"text-align: justify;\">A cookie is a piece of information that a website stores in the website browser of your computer. The browser sends the information to the website to allow the site to recognize the user. Cookies include information such as the cookie's lifetime and expiration date, the domain the cookie came from, and an identifier, such as a random unique number.<\/p>\n&nbsp;\n\n<p>MANAGING COOKIES USING YOUR BROWSER<\/p>\n<p style=\"text-align: justify;\">Internet browsers generally provide an option to disallow the setting of all or some cookies. You can find more information about the use of your browser's cookie settings, either through the help menu of your browser or on its own website. Cookies can also be deleted using your Internet browser, but you must disable them, otherwise they will be reapplied the next time you visit a website. If you use your browser settings to block all cookies (including essential cookies), you may not be able to access all or part of our website.<\/p>\n&nbsp;\n\n<p>MORE INFORMATION ABOUT OUR USE OF COOKIES<\/p>\n<p style=\"text-align: justify;\">Cookies generally fit into one or more of the following four categories:<\/p>\n&nbsp;\n<p style=\"text-align: justify;\">Category 1: Strictly necessary cookies<\/p>\n<p style=\"text-align: justify;\">Estas cookies son esenciales para permitirle moverse por el sitio web y utilizar sus funciones. Estas cookies no recopilan ninguna informaci\u00f3n sobre usted que pueda utilizarse para la comercializaci\u00f3n o para recordar d\u00f3nde ha estado en Internet. No estamos obligados a obtener su consentimiento para el uso de cookies estrictamente necesarias. Tienen una duraci\u00f3n de una \u00absesi\u00f3n\u00bb y caducan cuando abandona nuestro sitio web o cierra el navegador. Las cookies que entran en esta categor\u00eda son: i. Galletas de la compra; ii. Acceso a \u00e1reas protegidas de un sitio web; iii. Recordar el texto ingresado previamente para que no se pierda si la p\u00e1gina se actualiza.<\/p>\n&nbsp;\n<p style=\"text-align: justify;\">Category 2: Performance Cookies<\/p>\n<p style=\"text-align: justify;\">Performance cookies only store anonymous information and therefore cannot be used to identify you. We are required to obtain your consent for the use of performance cookies. By using our website, you agree that we can place these types of cookies on your device. Performance cookies can be deleted from your browser history at any time before their expiration date. The cookies that fall into this category are: i. Analytics; ii. Advertising; iii. Pay per click.<\/p>\n&nbsp;\n<p style=\"text-align: justify;\">Category 3: Functionality cookies<\/p>\n<p style=\"text-align: justify;\">These cookies remember your preferences to personalize your experience on our website. We are required to obtain your consent for the use of functionality cookies. By using our website, you agree that we can place these types of cookies on your device. Functionality Cookies can be deleted from your browser history at any time before they expire. The cookies that fall into this category are: i. Detect if you've already seen a popup to make sure it doesn't show up again; ii. Sending comments; iii. Remembering colors, fonts and page backgrounds.<\/p>\n&nbsp;\n<p style=\"text-align: justify;\">Category 4: Targeted advertising cookies<\/p>\n<p style=\"text-align: justify;\">Targeted advertising cookies are used to deliver advertisements that are more relevant to you and your interests. They are also used to limit the number of times you see an advertisement and to help measure the effectiveness of the advertising campaign. The information they store is not anonymous. We are required to obtain your consent to target advertising cookies. We will ask for your consent to store these cookies on your device via a pop-up, overlay, welcome or header\/footer window. The cookies that fall into this category are: i. Collection of information about browser habits to target advertising; ii. Collection of information about browser habits to target the content of the website. We will tell you about cookies in these ways: We have placed our Cookie Policy page as a link on all other pages of our website to allow you to see and choose which cookies you want.<\/p>\n&nbsp;\n<p style=\"text-align: justify;\">In particular, this website uses Google Analytics, a web analytics service provided by Google, Inc. domiciled in the United States with headquarters at 1600 Amphitheater Parkway, Mountain View, California 94043. To provide these services, they use cookies. that collect information, including the user's IP address, which will be transmitted, processed and stored by Google in the terms set on the Google.com website. Including the possible transmission of said information to third parties for reasons of legal requirement or when said third parties process the information on behalf of Google.<\/p>\n&nbsp;\n<p style=\"text-align: justify;\">The User expressly accepts, by using this Site, the treatment of the information collected in the manner and for the aforementioned purposes. And you also acknowledge knowing the possibility of rejecting the processing of such data or information by rejecting the use of Cookies by selecting the appropriate settings for this purpose in your browser. Although this option to block Cookies in your browser may not allow you to fully use all the functionalities of the Website. You can allow, block or delete the cookies installed on your computer by configuring the options of the browser installed on your computer.<\/p>\n\n\n\n<div style=\"height:100px\" aria-hidden=\"true\" class=\"wp-block-spacer\"><\/div>","protected":false},"excerpt":{"rendered":"<p>\u00bfQU\u00c9 SON LAS COOKIES? Una cookie es una pieza de informaci\u00f3n que un sitio web almacena en el navegador del sitio web de su computadora. El navegador env\u00eda la informaci\u00f3n al sitio web para permitir que el sitio reconozca al usuario. Las cookies incluyen informaci\u00f3n&#8230;<\/p>","protected":false},"author":1,"featured_media":0,"parent":0,"menu_order":0,"comment_status":"closed","ping_status":"closed","template":"","meta":{"inline_featured_image":false,"_exactmetrics_skip_tracking":false,"_exactmetrics_sitenote_active":false,"_exactmetrics_sitenote_note":"","_exactmetrics_sitenote_category":0,"footnotes":""},"class_list":["post-315","page","type-page","status-publish","hentry"],"yoast_head":"<!-- This site is optimized with the Yoast SEO plugin v26.9 - https:\/\/yoast.com\/product\/yoast-seo-wordpress\/ -->\n<title>Pol\u00edtica de Cookies - MIEL DE CA\u00d1A DE FRIGILIANA PRODUCTO NATURAL<\/title>\n<meta name=\"robots\" content=\"index, follow, max-snippet:-1, max-image-preview:large, max-video-preview:-1\" \/>\n<link rel=\"canonical\" href=\"https:\/\/mieldelatorre.com\/en\/politica-de-cookies\/\" \/>\n<meta property=\"og:locale\" content=\"en_GB\" \/>\n<meta property=\"og:type\" content=\"article\" \/>\n<meta property=\"og:title\" content=\"Pol\u00edtica de Cookies - MIEL DE CA\u00d1A DE FRIGILIANA PRODUCTO NATURAL\" \/>\n<meta property=\"og:description\" content=\"\u00bfQU\u00c9 SON LAS COOKIES? Una cookie es una pieza de informaci\u00f3n que un sitio web almacena en el navegador del sitio web de su computadora. El navegador env\u00eda la informaci\u00f3n al sitio web para permitir que el sitio reconozca al usuario. Las cookies incluyen informaci\u00f3n...\" \/>\n<meta property=\"og:url\" content=\"https:\/\/mieldelatorre.com\/en\/politica-de-cookies\/\" \/>\n<meta property=\"og:site_name\" content=\"MIEL DE CA\u00d1A DE FRIGILIANA PRODUCTO NATURAL\" \/>\n<meta property=\"article:publisher\" content=\"https:\/\/www.facebook.com\/mieldelatorre\" \/>\n<meta property=\"article:modified_time\" content=\"2021-01-23T10:53:30+00:00\" \/>\n<meta name=\"twitter:card\" content=\"summary_large_image\" \/>\n<meta name=\"twitter:label1\" content=\"Estimated reading time\" \/>\n\t<meta name=\"twitter:data1\" content=\"5 minutes\" \/>\n<script type=\"application\/ld+json\" class=\"yoast-schema-graph\">{\"@context\":\"https:\/\/schema.org\",\"@graph\":[{\"@type\":\"WebPage\",\"@id\":\"https:\/\/mieldelatorre.com\/politica-de-cookies\/\",\"url\":\"https:\/\/mieldelatorre.com\/politica-de-cookies\/\",\"name\":\"Pol\u00edtica de Cookies - MIEL DE CA\u00d1A DE FRIGILIANA PRODUCTO NATURAL\",\"isPartOf\":{\"@id\":\"https:\/\/mieldelatorre.com\/#website\"},\"datePublished\":\"2020-07-19T16:40:38+00:00\",\"dateModified\":\"2021-01-23T10:53:30+00:00\",\"breadcrumb\":{\"@id\":\"https:\/\/mieldelatorre.com\/politica-de-cookies\/#breadcrumb\"},\"inLanguage\":\"en-GB\",\"potentialAction\":[{\"@type\":\"ReadAction\",\"target\":[\"https:\/\/mieldelatorre.com\/politica-de-cookies\/\"]}]},{\"@type\":\"BreadcrumbList\",\"@id\":\"https:\/\/mieldelatorre.com\/politica-de-cookies\/#breadcrumb\",\"itemListElement\":[{\"@type\":\"ListItem\",\"position\":1,\"name\":\"Portada\",\"item\":\"https:\/\/mieldelatorre.com\/\"},{\"@type\":\"ListItem\",\"position\":2,\"name\":\"Pol\u00edtica de Cookies\"}]},{\"@type\":\"WebSite\",\"@id\":\"https:\/\/mieldelatorre.com\/#website\",\"url\":\"https:\/\/mieldelatorre.com\/\",\"name\":\"miel de ca\u00f1a de la torre\",\"description\":\"El Ingenio Nuestra Se\u00f1ora del Carmen elabora desde 1725 la miel de ca\u00f1a Frigiliana, producto natural rico en vitaminas y minerales\",\"publisher\":{\"@id\":\"https:\/\/mieldelatorre.com\/#organization\"},\"potentialAction\":[{\"@type\":\"SearchAction\",\"target\":{\"@type\":\"EntryPoint\",\"urlTemplate\":\"https:\/\/mieldelatorre.com\/?s={search_term_string}\"},\"query-input\":{\"@type\":\"PropertyValueSpecification\",\"valueRequired\":true,\"valueName\":\"search_term_string\"}}],\"inLanguage\":\"en-GB\"},{\"@type\":\"Organization\",\"@id\":\"https:\/\/mieldelatorre.com\/#organization\",\"name\":\"De La Torre S.L. miel de ca\u00f1a\",\"url\":\"https:\/\/mieldelatorre.com\/\",\"logo\":{\"@type\":\"ImageObject\",\"inLanguage\":\"en-GB\",\"@id\":\"https:\/\/mieldelatorre.com\/#\/schema\/logo\/image\/\",\"url\":\"\",\"contentUrl\":\"\",\"caption\":\"De La Torre S.L. miel de ca\u00f1a\"},\"image\":{\"@id\":\"https:\/\/mieldelatorre.com\/#\/schema\/logo\/image\/\"},\"sameAs\":[\"https:\/\/www.facebook.com\/mieldelatorre\",\"https:\/\/www.instagram.com\/ingenio_nra_sra_del_carmen\/\",\"https:\/\/www.youtube.com\/channel\/UCBi3fBnBWX9RaxeqMhjQ_JQ\"]}]}<\/script>\n<!-- \/ Yoast SEO plugin. -->","yoast_head_json":{"title":"Pol\u00edtica de Cookies - MIEL DE CA\u00d1A DE FRIGILIANA PRODUCTO NATURAL","robots":{"index":"index","follow":"follow","max-snippet":"max-snippet:-1","max-image-preview":"max-image-preview:large","max-video-preview":"max-video-preview:-1"},"canonical":"https:\/\/mieldelatorre.com\/en\/politica-de-cookies\/","og_locale":"en_GB","og_type":"article","og_title":"Pol\u00edtica de Cookies - MIEL DE CA\u00d1A DE FRIGILIANA PRODUCTO NATURAL","og_description":"\u00bfQU\u00c9 SON LAS COOKIES? Una cookie es una pieza de informaci\u00f3n que un sitio web almacena en el navegador del sitio web de su computadora. El navegador env\u00eda la informaci\u00f3n al sitio web para permitir que el sitio reconozca al usuario. Las cookies incluyen informaci\u00f3n...","og_url":"https:\/\/mieldelatorre.com\/en\/politica-de-cookies\/","og_site_name":"MIEL DE CA\u00d1A DE FRIGILIANA PRODUCTO NATURAL","article_publisher":"https:\/\/www.facebook.com\/mieldelatorre","article_modified_time":"2021-01-23T10:53:30+00:00","twitter_card":"summary_large_image","twitter_misc":{"Estimated reading time":"5 minutes"},"schema":{"@context":"https:\/\/schema.org","@graph":[{"@type":"WebPage","@id":"https:\/\/mieldelatorre.com\/politica-de-cookies\/","url":"https:\/\/mieldelatorre.com\/politica-de-cookies\/","name":"Pol\u00edtica de Cookies - MIEL DE CA\u00d1A DE FRIGILIANA PRODUCTO NATURAL","isPartOf":{"@id":"https:\/\/mieldelatorre.com\/#website"},"datePublished":"2020-07-19T16:40:38+00:00","dateModified":"2021-01-23T10:53:30+00:00","breadcrumb":{"@id":"https:\/\/mieldelatorre.com\/politica-de-cookies\/#breadcrumb"},"inLanguage":"en-GB","potentialAction":[{"@type":"ReadAction","target":["https:\/\/mieldelatorre.com\/politica-de-cookies\/"]}]},{"@type":"BreadcrumbList","@id":"https:\/\/mieldelatorre.com\/politica-de-cookies\/#breadcrumb","itemListElement":[{"@type":"ListItem","position":1,"name":"Portada","item":"https:\/\/mieldelatorre.com\/"},{"@type":"ListItem","position":2,"name":"Pol\u00edtica de Cookies"}]},{"@type":"WebSite","@id":"https:\/\/mieldelatorre.com\/#website","url":"https:\/\/mieldelatorre.com\/","name":"miel de ca\u00f1a de la torre","description":"El Ingenio Nuestra Se\u00f1ora del Carmen elabora desde 1725 la miel de ca\u00f1a Frigiliana, producto natural rico en vitaminas y minerales","publisher":{"@id":"https:\/\/mieldelatorre.com\/#organization"},"potentialAction":[{"@type":"SearchAction","target":{"@type":"EntryPoint","urlTemplate":"https:\/\/mieldelatorre.com\/?s={search_term_string}"},"query-input":{"@type":"PropertyValueSpecification","valueRequired":true,"valueName":"search_term_string"}}],"inLanguage":"en-GB"},{"@type":"Organization","@id":"https:\/\/mieldelatorre.com\/#organization","name":"De La Torre S.L. miel de ca\u00f1a","url":"https:\/\/mieldelatorre.com\/","logo":{"@type":"ImageObject","inLanguage":"en-GB","@id":"https:\/\/mieldelatorre.com\/#\/schema\/logo\/image\/","url":"","contentUrl":"","caption":"De La Torre S.L. miel de ca\u00f1a"},"image":{"@id":"https:\/\/mieldelatorre.com\/#\/schema\/logo\/image\/"},"sameAs":["https:\/\/www.facebook.com\/mieldelatorre","https:\/\/www.instagram.com\/ingenio_nra_sra_del_carmen\/","https:\/\/www.youtube.com\/channel\/UCBi3fBnBWX9RaxeqMhjQ_JQ"]}]}},"_links":{"self":[{"href":"https:\/\/mieldelatorre.com\/en\/wp-json\/wp\/v2\/pages\/315","targetHints":{"allow":["GET"]}}],"collection":[{"href":"https:\/\/mieldelatorre.com\/en\/wp-json\/wp\/v2\/pages"}],"about":[{"href":"https:\/\/mieldelatorre.com\/en\/wp-json\/wp\/v2\/types\/page"}],"author":[{"embeddable":true,"href":"https:\/\/mieldelatorre.com\/en\/wp-json\/wp\/v2\/users\/1"}],"replies":[{"embeddable":true,"href":"https:\/\/mieldelatorre.com\/en\/wp-json\/wp\/v2\/comments?post=315"}],"version-history":[{"count":5,"href":"https:\/\/mieldelatorre.com\/en\/wp-json\/wp\/v2\/pages\/315\/revisions"}],"predecessor-version":[{"id":2134,"href":"https:\/\/mieldelatorre.com\/en\/wp-json\/wp\/v2\/pages\/315\/revisions\/2134"}],"wp:attachment":[{"href":"https:\/\/mieldelatorre.com\/en\/wp-json\/wp\/v2\/media?parent=315"}],"curies":[{"name":"wp","href":"https:\/\/api.w.org\/{rel}","templated":true}]}}